{"id":8697,"date":"2023-05-11T12:54:34","date_gmt":"2023-05-11T11:54:34","guid":{"rendered":"https:\/\/proyectojardin.es\/?page_id=8697"},"modified":"2023-05-11T12:57:33","modified_gmt":"2023-05-11T11:57:33","slug":"publicaciones","status":"publish","type":"page","link":"https:\/\/proyectojardin.es\/index.php\/publicaciones\/","title":{"rendered":"Publicaciones"},"content":{"rendered":"\t\t<div data-elementor-type=\"wp-page\" data-elementor-id=\"8697\" class=\"elementor elementor-8697\">\n\t\t\t\t\t\t\t\t\t<section class=\"elementor-section elementor-top-section elementor-element elementor-element-7148750 elementor-section-content-middle elementor-section-boxed elementor-section-height-default elementor-section-height-default\" data-id=\"7148750\" data-element_type=\"section\">\n\t\t\t\t\t\t<div class=\"elementor-container elementor-column-gap-no\">\n\t\t\t\t\t<div class=\"elementor-column elementor-col-100 elementor-top-column elementor-element elementor-element-df787b9\" data-id=\"df787b9\" data-element_type=\"column\">\n\t\t\t<div class=\"elementor-widget-wrap elementor-element-populated\">\n\t\t\t\t\t\t\t\t<div class=\"elementor-element elementor-element-65f3c46e elementor-widget elementor-widget-heading\" data-id=\"65f3c46e\" data-element_type=\"widget\" data-widget_type=\"heading.default\">\n\t\t\t\t<div class=\"elementor-widget-container\">\n\t\t\t<style>\/*! elementor - v3.11.5 - 14-03-2023 *\/\n.elementor-heading-title{padding:0;margin:0;line-height:1}.elementor-widget-heading .elementor-heading-title[class*=elementor-size-]>a{color:inherit;font-size:inherit;line-height:inherit}.elementor-widget-heading .elementor-heading-title.elementor-size-small{font-size:15px}.elementor-widget-heading .elementor-heading-title.elementor-size-medium{font-size:19px}.elementor-widget-heading .elementor-heading-title.elementor-size-large{font-size:29px}.elementor-widget-heading .elementor-heading-title.elementor-size-xl{font-size:39px}.elementor-widget-heading .elementor-heading-title.elementor-size-xxl{font-size:59px}<\/style><h4 class=\"elementor-heading-title elementor-size-default\">Publicaciones<\/h4>\t\t<\/div>\n\t\t\t\t<\/div>\n\t\t\t\t\t<\/div>\n\t\t<\/div>\n\t\t\t\t\t\t\t<\/div>\n\t\t<\/section>\n\t\t\t\t<section class=\"elementor-section elementor-top-section elementor-element elementor-element-6e84907 elementor-section-boxed elementor-section-height-default elementor-section-height-default\" data-id=\"6e84907\" data-element_type=\"section\">\n\t\t\t\t\t\t<div class=\"elementor-container elementor-column-gap-default\">\n\t\t\t\t\t<div class=\"elementor-column elementor-col-100 elementor-top-column elementor-element elementor-element-e2b0263\" data-id=\"e2b0263\" data-element_type=\"column\">\n\t\t\t<div class=\"elementor-widget-wrap elementor-element-populated\">\n\t\t\t\t\t\t\t\t<div class=\"elementor-element elementor-element-e580253 elementor-grid-3 elementor-grid-tablet-2 elementor-grid-mobile-1 elementor-widget elementor-widget-wpzoom-elementor-addons-posts-grid\" data-id=\"e580253\" data-element_type=\"widget\" data-settings=\"{&quot;columns&quot;:&quot;3&quot;,&quot;columns_tablet&quot;:&quot;2&quot;,&quot;columns_mobile&quot;:&quot;1&quot;}\" data-widget_type=\"wpzoom-elementor-addons-posts-grid.default\">\n\t\t\t\t<div class=\"elementor-widget-container\">\n\t\t\t\t\t<div \n\t\t\tclass=\"wpz-grid\" \n\t\t\tdata-uid=\"e580253\"\n\t\t\tdata-offset=\"41\"\n\t\t\tdata-posts-grid='{\"posts_per_page\":41,\"paged\":1,\"post__not_in\":[],\"ignore_sticky_posts\":true,\"category_name\":\"\",\"no_found_rows\":true,\"orderby\":\"post_date\",\"order\":\"desc\",\"offset\":41,\"show_image\":\"yes\",\"post_thumbnail_size\":\"full\",\"show_title\":\"yes\",\"title_tag\":\"h3\",\"meta_data\":[],\"show_excerpt\":\"yes\",\"excerpt_length\":25,\"show_read_more\":\"yes\",\"read_more_text\":\"Seguir leyendo\",\"grid_style\":\"1\",\"total\":0}'>\n\t\t\t\t\t\t<div class=\"wpz-grid-container elementor-grid wpz-grid-desktop-3  wpz-grid-tablet-2  wpz-grid-mobile-1 \">\n\t\t\t\t\n        <article id=\"post-5984\" class=\"wpz-post post-5984 post type-post status-publish format-standard has-post-thumbnail hentry category-plantas\">\n         \n            <div class=\"post-grid-inner\">\n            \t\n            \t\t\t\t<div class=\"post-grid-thumbnail\">\n\t\t\t\t<a href=\"https:\/\/proyectojardin.es\/index.php\/2019\/11\/09\/cuidados-del-lentisco\/\">\n\t\t\t\t\t<img width=\"2272\" height=\"1704\" src=\"https:\/\/proyectojardin.es\/wp-content\/uploads\/2019\/11\/2014-03-16-73.jpg\" class=\"attachment-full size-full wp-post-image\" alt=\"Lentisco\" decoding=\"async\" loading=\"lazy\" srcset=\"https:\/\/proyectojardin.es\/wp-content\/uploads\/2019\/11\/2014-03-16-73.jpg 2272w, https:\/\/proyectojardin.es\/wp-content\/uploads\/2019\/11\/2014-03-16-73-300x225.jpg 300w, https:\/\/proyectojardin.es\/wp-content\/uploads\/2019\/11\/2014-03-16-73-1024x768.jpg 1024w, https:\/\/proyectojardin.es\/wp-content\/uploads\/2019\/11\/2014-03-16-73-768x576.jpg 768w, https:\/\/proyectojardin.es\/wp-content\/uploads\/2019\/11\/2014-03-16-73-1536x1152.jpg 1536w, https:\/\/proyectojardin.es\/wp-content\/uploads\/2019\/11\/2014-03-16-73-2048x1536.jpg 2048w, https:\/\/proyectojardin.es\/wp-content\/uploads\/2019\/11\/2014-03-16-73-600x450.jpg 600w\" sizes=\"(max-width: 2272px) 100vw, 2272px\" \/>\t\t\t\t<\/a>\n\t\t\t<\/div>\n\t\t\n                <div class=\"post-grid-text-wrap\">\n               \t\t\t\t<h3 class=\"title\">\n\t\t\t<a href=\"https:\/\/proyectojardin.es\/index.php\/2019\/11\/09\/cuidados-del-lentisco\/\">Cuidados del Lentisco<\/a>\n\t\t<\/h3>\n\t\t\t                \t                <div class=\"post-grid-excerpt\"><p>Pistacia lentiscus Nombre com\u00fan: Lentisco, charneca, \u00e1rbol de la alm\u00e1ciga. Familia bot\u00e1nica: Anacardi\u00e1ceas Descargar Versi\u00f3n PDF Descripci\u00f3n Arbusto perennifolio generalmente de hasta 2.5m, raramente arbolillo&hellip;<\/p>\n<\/div>\t                <a class=\"read-more-btn\" href=\"https:\/\/proyectojardin.es\/index.php\/2019\/11\/09\/cuidados-del-lentisco\/\">Seguir leyendo<\/a>                <\/div>\n\n            <\/div><!-- .blog-inner -->\n           \n        <\/article>\n\n        \t\t\t<\/div>\n\n\t\t\t\t\t\t\t\t\n\t\t<\/div><!-- \/\/.wpz-grid -->\n\t\t\t\t<\/div>\n\t\t\t\t<\/div>\n\t\t\t\t\t<\/div>\n\t\t<\/div>\n\t\t\t\t\t\t\t<\/div>\n\t\t<\/section>\n\t\t\t\t\t\t\t<\/div>\n\t\t","protected":false},"excerpt":{"rendered":"<p>Publicaciones Cuidados del Lentisco Pistacia lentiscus Nombre com\u00fan: Lentisco, charneca, \u00e1rbol de la alm\u00e1ciga. Familia bot\u00e1nica: Anacardi\u00e1ceas Descripci\u00f3n Arbusto perennifolio generalmente de hasta 2.5m, raramente arbolillo de hasta 7&hellip; Seguir leyendo<\/p>\n","protected":false},"author":1,"featured_media":0,"parent":0,"menu_order":0,"comment_status":"closed","ping_status":"closed","template":"page-templates\/template-pagebuilder-full-width.php","meta":{"_mi_skip_tracking":false,"neve_meta_sidebar":"","neve_meta_container":"","neve_meta_enable_content_width":"","neve_meta_content_width":0,"neve_meta_title_alignment":"","neve_meta_author_avatar":"","neve_post_elements_order":"","neve_meta_disable_header":"","neve_meta_disable_footer":"","neve_meta_disable_title":"","_joinchat":[]},"yoast_head":"<!-- This site is optimized with the Yoast SEO plugin v20.6 - https:\/\/yoast.com\/wordpress\/plugins\/seo\/ -->\n<title>Publicaciones - Estudio de Paisajismo<\/title>\n<meta name=\"robots\" content=\"index, follow, max-snippet:-1, max-image-preview:large, max-video-preview:-1\" \/>\n<link rel=\"canonical\" href=\"https:\/\/proyectojardin.es\/index.php\/publicaciones\/\" \/>\n<meta property=\"og:locale\" content=\"es_ES\" \/>\n<meta property=\"og:type\" content=\"article\" \/>\n<meta property=\"og:title\" content=\"Publicaciones - Estudio de Paisajismo\" \/>\n<meta property=\"og:description\" content=\"Publicaciones Cuidados del Lentisco Pistacia lentiscus Nombre com\u00fan: Lentisco, charneca, \u00e1rbol de la alm\u00e1ciga. Familia bot\u00e1nica: Anacardi\u00e1ceas Descripci\u00f3n Arbusto perennifolio generalmente de hasta 2.5m, raramente arbolillo de hasta 7&hellip; Seguir leyendo\" \/>\n<meta property=\"og:url\" content=\"https:\/\/proyectojardin.es\/index.php\/publicaciones\/\" \/>\n<meta property=\"og:site_name\" content=\"Estudio de Paisajismo\" \/>\n<meta property=\"article:modified_time\" content=\"2023-05-11T11:57:33+00:00\" \/>\n<meta property=\"og:image\" content=\"http:\/\/proyectojardin.es\/wp-content\/uploads\/2019\/11\/2014-03-16-73.jpg\" \/>\n<meta name=\"twitter:card\" content=\"summary_large_image\" \/>\n<meta name=\"twitter:label1\" content=\"Tiempo de lectura\" \/>\n\t<meta name=\"twitter:data1\" content=\"1 minuto\" \/>\n<script type=\"application\/ld+json\" class=\"yoast-schema-graph\">{\"@context\":\"https:\/\/schema.org\",\"@graph\":[{\"@type\":\"WebPage\",\"@id\":\"https:\/\/proyectojardin.es\/index.php\/publicaciones\/\",\"url\":\"https:\/\/proyectojardin.es\/index.php\/publicaciones\/\",\"name\":\"Publicaciones - Estudio de Paisajismo\",\"isPartOf\":{\"@id\":\"https:\/\/proyectojardin.es\/#website\"},\"datePublished\":\"2023-05-11T11:54:34+00:00\",\"dateModified\":\"2023-05-11T11:57:33+00:00\",\"breadcrumb\":{\"@id\":\"https:\/\/proyectojardin.es\/index.php\/publicaciones\/#breadcrumb\"},\"inLanguage\":\"es\",\"potentialAction\":[{\"@type\":\"ReadAction\",\"target\":[\"https:\/\/proyectojardin.es\/index.php\/publicaciones\/\"]}]},{\"@type\":\"BreadcrumbList\",\"@id\":\"https:\/\/proyectojardin.es\/index.php\/publicaciones\/#breadcrumb\",\"itemListElement\":[{\"@type\":\"ListItem\",\"position\":1,\"name\":\"Portada\",\"item\":\"https:\/\/proyectojardin.es\/\"},{\"@type\":\"ListItem\",\"position\":2,\"name\":\"Publicaciones\"}]},{\"@type\":\"WebSite\",\"@id\":\"https:\/\/proyectojardin.es\/#website\",\"url\":\"https:\/\/proyectojardin.es\/\",\"name\":\"Proyecto Jard\u00edn\",\"description\":\"Dise\u00f1o y construcci\u00f3n de espacios verdes. Especialidad en jardines mediterr\u00e1neos de bajo consumo en agua y escaso mantenimiento.\",\"publisher\":{\"@id\":\"https:\/\/proyectojardin.es\/#\/schema\/person\/6c4a01b17e7cab0eb8d27bd45ca3dfc1\"},\"potentialAction\":[{\"@type\":\"SearchAction\",\"target\":{\"@type\":\"EntryPoint\",\"urlTemplate\":\"https:\/\/proyectojardin.es\/?s={search_term_string}\"},\"query-input\":\"required name=search_term_string\"}],\"inLanguage\":\"es\"},{\"@type\":[\"Person\",\"Organization\"],\"@id\":\"https:\/\/proyectojardin.es\/#\/schema\/person\/6c4a01b17e7cab0eb8d27bd45ca3dfc1\",\"name\":\"migueldiazmorant@gmail.com\",\"image\":{\"@type\":\"ImageObject\",\"inLanguage\":\"es\",\"@id\":\"https:\/\/proyectojardin.es\/#\/schema\/person\/image\/\",\"url\":\"http:\/\/proyectojardin.es\/wp-content\/uploads\/2023\/03\/cropped-logo.png\",\"contentUrl\":\"http:\/\/proyectojardin.es\/wp-content\/uploads\/2023\/03\/cropped-logo.png\",\"width\":500,\"height\":187,\"caption\":\"migueldiazmorant@gmail.com\"},\"logo\":{\"@id\":\"https:\/\/proyectojardin.es\/#\/schema\/person\/image\/\"},\"description\":\"Paisajista con larga experiencia en dise\u00f1o de jardines con localizaciones en distintos \u00e1mbitos climatol\u00f3gicos, con destacado conocimiento en plantas aut\u00f3ctonas mediterr\u00e1neas y bajo consumo en agua.\",\"sameAs\":[\"http:\/\/proyectojardin.es\"]}]}<\/script>\n<!-- \/ Yoast SEO plugin. -->","yoast_head_json":{"title":"Publicaciones - Estudio de Paisajismo","robots":{"index":"index","follow":"follow","max-snippet":"max-snippet:-1","max-image-preview":"max-image-preview:large","max-video-preview":"max-video-preview:-1"},"canonical":"https:\/\/proyectojardin.es\/index.php\/publicaciones\/","og_locale":"es_ES","og_type":"article","og_title":"Publicaciones - Estudio de Paisajismo","og_description":"Publicaciones Cuidados del Lentisco Pistacia lentiscus Nombre com\u00fan: Lentisco, charneca, \u00e1rbol de la alm\u00e1ciga. Familia bot\u00e1nica: Anacardi\u00e1ceas Descripci\u00f3n Arbusto perennifolio generalmente de hasta 2.5m, raramente arbolillo de hasta 7&hellip; Seguir leyendo","og_url":"https:\/\/proyectojardin.es\/index.php\/publicaciones\/","og_site_name":"Estudio de Paisajismo","article_modified_time":"2023-05-11T11:57:33+00:00","og_image":[{"url":"http:\/\/proyectojardin.es\/wp-content\/uploads\/2019\/11\/2014-03-16-73.jpg"}],"twitter_card":"summary_large_image","twitter_misc":{"Tiempo de lectura":"1 minuto"},"schema":{"@context":"https:\/\/schema.org","@graph":[{"@type":"WebPage","@id":"https:\/\/proyectojardin.es\/index.php\/publicaciones\/","url":"https:\/\/proyectojardin.es\/index.php\/publicaciones\/","name":"Publicaciones - Estudio de Paisajismo","isPartOf":{"@id":"https:\/\/proyectojardin.es\/#website"},"datePublished":"2023-05-11T11:54:34+00:00","dateModified":"2023-05-11T11:57:33+00:00","breadcrumb":{"@id":"https:\/\/proyectojardin.es\/index.php\/publicaciones\/#breadcrumb"},"inLanguage":"es","potentialAction":[{"@type":"ReadAction","target":["https:\/\/proyectojardin.es\/index.php\/publicaciones\/"]}]},{"@type":"BreadcrumbList","@id":"https:\/\/proyectojardin.es\/index.php\/publicaciones\/#breadcrumb","itemListElement":[{"@type":"ListItem","position":1,"name":"Portada","item":"https:\/\/proyectojardin.es\/"},{"@type":"ListItem","position":2,"name":"Publicaciones"}]},{"@type":"WebSite","@id":"https:\/\/proyectojardin.es\/#website","url":"https:\/\/proyectojardin.es\/","name":"Proyecto Jard\u00edn","description":"Dise\u00f1o y construcci\u00f3n de espacios verdes. Especialidad en jardines mediterr\u00e1neos de bajo consumo en agua y escaso mantenimiento.","publisher":{"@id":"https:\/\/proyectojardin.es\/#\/schema\/person\/6c4a01b17e7cab0eb8d27bd45ca3dfc1"},"potentialAction":[{"@type":"SearchAction","target":{"@type":"EntryPoint","urlTemplate":"https:\/\/proyectojardin.es\/?s={search_term_string}"},"query-input":"required name=search_term_string"}],"inLanguage":"es"},{"@type":["Person","Organization"],"@id":"https:\/\/proyectojardin.es\/#\/schema\/person\/6c4a01b17e7cab0eb8d27bd45ca3dfc1","name":"migueldiazmorant@gmail.com","image":{"@type":"ImageObject","inLanguage":"es","@id":"https:\/\/proyectojardin.es\/#\/schema\/person\/image\/","url":"http:\/\/proyectojardin.es\/wp-content\/uploads\/2023\/03\/cropped-logo.png","contentUrl":"http:\/\/proyectojardin.es\/wp-content\/uploads\/2023\/03\/cropped-logo.png","width":500,"height":187,"caption":"migueldiazmorant@gmail.com"},"logo":{"@id":"https:\/\/proyectojardin.es\/#\/schema\/person\/image\/"},"description":"Paisajista con larga experiencia en dise\u00f1o de jardines con localizaciones en distintos \u00e1mbitos climatol\u00f3gicos, con destacado conocimiento en plantas aut\u00f3ctonas mediterr\u00e1neas y bajo consumo en agua.","sameAs":["http:\/\/proyectojardin.es"]}]}},"featured_media_urls":[],"_links":{"self":[{"href":"https:\/\/proyectojardin.es\/index.php\/wp-json\/wp\/v2\/pages\/8697"}],"collection":[{"href":"https:\/\/proyectojardin.es\/index.php\/wp-json\/wp\/v2\/pages"}],"about":[{"href":"https:\/\/proyectojardin.es\/index.php\/wp-json\/wp\/v2\/types\/page"}],"author":[{"embeddable":true,"href":"https:\/\/proyectojardin.es\/index.php\/wp-json\/wp\/v2\/users\/1"}],"replies":[{"embeddable":true,"href":"https:\/\/proyectojardin.es\/index.php\/wp-json\/wp\/v2\/comments?post=8697"}],"version-history":[{"count":4,"href":"https:\/\/proyectojardin.es\/index.php\/wp-json\/wp\/v2\/pages\/8697\/revisions"}],"predecessor-version":[{"id":8701,"href":"https:\/\/proyectojardin.es\/index.php\/wp-json\/wp\/v2\/pages\/8697\/revisions\/8701"}],"wp:attachment":[{"href":"https:\/\/proyectojardin.es\/index.php\/wp-json\/wp\/v2\/media?parent=8697"}],"curies":[{"name":"wp","href":"https:\/\/api.w.org\/{rel}","templated":true}]}}