{"id":7877,"date":"2023-04-14T09:47:23","date_gmt":"2023-04-14T08:47:23","guid":{"rendered":"https:\/\/proyectojardin.es\/?page_id=7877"},"modified":"2023-05-12T15:12:17","modified_gmt":"2023-05-12T14:12:17","slug":"jardines","status":"publish","type":"page","link":"https:\/\/proyectojardin.es\/index.php\/jardines\/","title":{"rendered":"Jardines"},"content":{"rendered":"\t\t<div data-elementor-type=\"wp-page\" data-elementor-id=\"7877\" class=\"elementor elementor-7877\">\n\t\t\t\t\t\t\t\t\t<section class=\"elementor-section elementor-top-section elementor-element elementor-element-ca9a14e elementor-section-boxed elementor-section-height-default elementor-section-height-default\" data-id=\"ca9a14e\" data-element_type=\"section\">\n\t\t\t\t\t\t<div class=\"elementor-container elementor-column-gap-default\">\n\t\t\t\t\t<div class=\"elementor-column elementor-col-100 elementor-top-column elementor-element elementor-element-265170c\" data-id=\"265170c\" data-element_type=\"column\">\n\t\t\t<div class=\"elementor-widget-wrap\">\n\t\t\t\t\t\t\t\t\t<\/div>\n\t\t<\/div>\n\t\t\t\t\t\t\t<\/div>\n\t\t<\/section>\n\t\t\t\t<section class=\"elementor-section elementor-top-section elementor-element elementor-element-237b24e elementor-section-boxed elementor-section-height-default elementor-section-height-default\" data-id=\"237b24e\" data-element_type=\"section\" data-settings=\"{&quot;background_background&quot;:&quot;classic&quot;}\">\n\t\t\t\t\t\t<div class=\"elementor-container elementor-column-gap-default\">\n\t\t\t\t\t<div class=\"elementor-column elementor-col-100 elementor-top-column elementor-element elementor-element-4246343\" data-id=\"4246343\" data-element_type=\"column\">\n\t\t\t<div class=\"elementor-widget-wrap elementor-element-populated\">\n\t\t\t\t\t\t\t\t<div class=\"elementor-element elementor-element-724bb82 elementor-widget elementor-widget-heading\" data-id=\"724bb82\" data-element_type=\"widget\" data-widget_type=\"heading.default\">\n\t\t\t\t<div class=\"elementor-widget-container\">\n\t\t\t<style>\/*! elementor - v3.11.5 - 14-03-2023 *\/\n.elementor-heading-title{padding:0;margin:0;line-height:1}.elementor-widget-heading .elementor-heading-title[class*=elementor-size-]>a{color:inherit;font-size:inherit;line-height:inherit}.elementor-widget-heading .elementor-heading-title.elementor-size-small{font-size:15px}.elementor-widget-heading .elementor-heading-title.elementor-size-medium{font-size:19px}.elementor-widget-heading .elementor-heading-title.elementor-size-large{font-size:29px}.elementor-widget-heading .elementor-heading-title.elementor-size-xl{font-size:39px}.elementor-widget-heading .elementor-heading-title.elementor-size-xxl{font-size:59px}<\/style><h2 class=\"elementor-heading-title elementor-size-default\">PROYECTOS - PROJECTS<\/h2>\t\t<\/div>\n\t\t\t\t<\/div>\n\t\t\t\t\t<\/div>\n\t\t<\/div>\n\t\t\t\t\t\t\t<\/div>\n\t\t<\/section>\n\t\t\t\t<section class=\"elementor-section elementor-top-section elementor-element elementor-element-4999456 elementor-section-boxed elementor-section-height-default elementor-section-height-default\" data-id=\"4999456\" data-element_type=\"section\">\n\t\t\t\t\t\t<div class=\"elementor-container elementor-column-gap-default\">\n\t\t\t\t\t<div class=\"elementor-column elementor-col-33 elementor-top-column elementor-element elementor-element-5012a92\" data-id=\"5012a92\" data-element_type=\"column\">\n\t\t\t<div class=\"elementor-widget-wrap elementor-element-populated\">\n\t\t\t\t\t\t\t\t<div class=\"elementor-element elementor-element-03fa5c3 elementor-widget elementor-widget-wpzoom-elementor-addons-image-box\" data-id=\"03fa5c3\" data-element_type=\"widget\" data-widget_type=\"wpzoom-elementor-addons-image-box.default\">\n\t\t\t\t<div class=\"elementor-widget-container\">\n\t\t\t\t\t<div class=\"wpzoom-elementor-addons-image-box\">\n\t\t\t<h3>\n\t\t\t\t<a href=\"https:\/\/proyectojardin.es\/index.php\/la-mandaluz-ronda\/\" class=\"wpzoom-elementor-addons-image-box-link is-linked has-image\" style=\"background-image:url('https:\/\/proyectojardin.es\/wp-content\/uploads\/2023\/04\/PROYECTO-JARDIN-5.jpg');\"><span><strong><\/strong><\/span><\/a>\t\t\t<\/h3>\n\t\t<\/div><!-- \/\/.wpzoom-elementor-addons-image-box -->\n\t\t\t\t<\/div>\n\t\t\t\t<\/div>\n\t\t\t\t<div class=\"elementor-element elementor-element-2878d4f elementor-widget elementor-widget-heading\" data-id=\"2878d4f\" data-element_type=\"widget\" data-widget_type=\"heading.default\">\n\t\t\t\t<div class=\"elementor-widget-container\">\n\t\t\t<p class=\"elementor-heading-title elementor-size-default\"><a href=\"https:\/\/proyectojardin.es\/index.php\/la-mandaluz-ronda\/\">La Mandaluz<\/a><\/p>\t\t<\/div>\n\t\t\t\t<\/div>\n\t\t\t\t<div class=\"elementor-element elementor-element-ac78710 elementor-widget elementor-widget-wpzoom-elementor-addons-image-box\" data-id=\"ac78710\" data-element_type=\"widget\" data-widget_type=\"wpzoom-elementor-addons-image-box.default\">\n\t\t\t\t<div class=\"elementor-widget-container\">\n\t\t\t\t\t<div class=\"wpzoom-elementor-addons-image-box\">\n\t\t\t<h3>\n\t\t\t\t<a href=\"https:\/\/proyectojardin.es\/index.php\/cortijo-olivar-de-la-sargenta-ecija\/\" class=\"wpzoom-elementor-addons-image-box-link is-linked has-image\" style=\"background-image:url('https:\/\/proyectojardin.es\/wp-content\/uploads\/2023\/04\/PROYECTO-JARDIN-3.jpg');\"><span><strong><\/strong><\/span><\/a>\t\t\t<\/h3>\n\t\t<\/div><!-- \/\/.wpzoom-elementor-addons-image-box -->\n\t\t\t\t<\/div>\n\t\t\t\t<\/div>\n\t\t\t\t<div class=\"elementor-element elementor-element-07fff90 elementor-widget elementor-widget-heading\" data-id=\"07fff90\" data-element_type=\"widget\" data-widget_type=\"heading.default\">\n\t\t\t\t<div class=\"elementor-widget-container\">\n\t\t\t<p class=\"elementor-heading-title elementor-size-default\"><a href=\"https:\/\/proyectojardin.es\/index.php\/cortijo-olivar-de-la-sargenta-ecija\/\">Cortijo Olivar de La Sargenta<\/a><\/p>\t\t<\/div>\n\t\t\t\t<\/div>\n\t\t\t\t<div class=\"elementor-element elementor-element-f43aa2b elementor-widget elementor-widget-wpzoom-elementor-addons-image-box\" data-id=\"f43aa2b\" data-element_type=\"widget\" data-widget_type=\"wpzoom-elementor-addons-image-box.default\">\n\t\t\t\t<div class=\"elementor-widget-container\">\n\t\t\t\t\t<div class=\"wpzoom-elementor-addons-image-box\">\n\t\t\t<h3>\n\t\t\t\t<a href=\"https:\/\/proyectojardin.es\/index.php\/proyecto-jardin-en-casa-alday\/\" class=\"wpzoom-elementor-addons-image-box-link is-linked has-image\" style=\"background-image:url('https:\/\/proyectojardin.es\/wp-content\/uploads\/2023\/04\/PROYECTO-JARDIN-6.jpg');\"><span><strong><\/strong><\/span><\/a>\t\t\t<\/h3>\n\t\t<\/div><!-- \/\/.wpzoom-elementor-addons-image-box -->\n\t\t\t\t<\/div>\n\t\t\t\t<\/div>\n\t\t\t\t<div class=\"elementor-element elementor-element-d8470e5 elementor-widget elementor-widget-heading\" data-id=\"d8470e5\" data-element_type=\"widget\" data-widget_type=\"heading.default\">\n\t\t\t\t<div class=\"elementor-widget-container\">\n\t\t\t<p class=\"elementor-heading-title elementor-size-default\"><a href=\"https:\/\/proyectojardin.es\/index.php\/casa-alday-jerez\/\">Casa Alday<\/a><\/p>\t\t<\/div>\n\t\t\t\t<\/div>\n\t\t\t\t\t<\/div>\n\t\t<\/div>\n\t\t\t\t<div class=\"elementor-column elementor-col-33 elementor-top-column elementor-element elementor-element-0da9f04\" data-id=\"0da9f04\" data-element_type=\"column\">\n\t\t\t<div class=\"elementor-widget-wrap elementor-element-populated\">\n\t\t\t\t\t\t\t\t<div class=\"elementor-element elementor-element-f988b45 elementor-widget elementor-widget-wpzoom-elementor-addons-image-box\" data-id=\"f988b45\" data-element_type=\"widget\" data-widget_type=\"wpzoom-elementor-addons-image-box.default\">\n\t\t\t\t<div class=\"elementor-widget-container\">\n\t\t\t\t\t<div class=\"wpzoom-elementor-addons-image-box\">\n\t\t\t<h3>\n\t\t\t\t<a href=\"https:\/\/proyectojardin.es\/index.php\/casa-giacometti-ronda\/\" class=\"wpzoom-elementor-addons-image-box-link is-linked has-image\" style=\"background-image:url('https:\/\/proyectojardin.es\/wp-content\/uploads\/2023\/04\/PROYECTO-JARDIN-8.jpg');\"><span><strong><\/strong><\/span><\/a>\t\t\t<\/h3>\n\t\t<\/div><!-- \/\/.wpzoom-elementor-addons-image-box -->\n\t\t\t\t<\/div>\n\t\t\t\t<\/div>\n\t\t\t\t<div class=\"elementor-element elementor-element-15f04fc elementor-widget elementor-widget-heading\" data-id=\"15f04fc\" data-element_type=\"widget\" data-widget_type=\"heading.default\">\n\t\t\t\t<div class=\"elementor-widget-container\">\n\t\t\t<p class=\"elementor-heading-title elementor-size-default\"><a href=\"https:\/\/proyectojardin.es\/index.php\/casa-giacometti-ronda\/\">Casa Giacometti<\/a><\/p>\t\t<\/div>\n\t\t\t\t<\/div>\n\t\t\t\t<div class=\"elementor-element elementor-element-2cd97d8 elementor-widget elementor-widget-wpzoom-elementor-addons-image-box\" data-id=\"2cd97d8\" data-element_type=\"widget\" data-widget_type=\"wpzoom-elementor-addons-image-box.default\">\n\t\t\t\t<div class=\"elementor-widget-container\">\n\t\t\t\t\t<div class=\"wpzoom-elementor-addons-image-box\">\n\t\t\t<h3>\n\t\t\t\t<a href=\"https:\/\/proyectojardin.es\/index.php\/hotel-bodega-el-juncal-ronda\/\" class=\"wpzoom-elementor-addons-image-box-link is-linked has-image\" style=\"background-image:url('https:\/\/proyectojardin.es\/wp-content\/uploads\/2023\/04\/PROYECTO-JARDIN-1.jpeg');\"><span><strong><\/strong><\/span><\/a>\t\t\t<\/h3>\n\t\t<\/div><!-- \/\/.wpzoom-elementor-addons-image-box -->\n\t\t\t\t<\/div>\n\t\t\t\t<\/div>\n\t\t\t\t<div class=\"elementor-element elementor-element-cd0d37e elementor-widget elementor-widget-heading\" data-id=\"cd0d37e\" data-element_type=\"widget\" data-widget_type=\"heading.default\">\n\t\t\t\t<div class=\"elementor-widget-container\">\n\t\t\t<p class=\"elementor-heading-title elementor-size-default\"><a href=\"https:\/\/proyectojardin.es\/index.php\/hotel-bodega-el-juncal-ronda\/\">Hotel Bodega El Juncal<\/a><\/p>\t\t<\/div>\n\t\t\t\t<\/div>\n\t\t\t\t<div class=\"elementor-element elementor-element-46cd594 elementor-widget elementor-widget-wpzoom-elementor-addons-image-box\" data-id=\"46cd594\" data-element_type=\"widget\" data-widget_type=\"wpzoom-elementor-addons-image-box.default\">\n\t\t\t\t<div class=\"elementor-widget-container\">\n\t\t\t\t\t<div class=\"wpzoom-elementor-addons-image-box\">\n\t\t\t<h3>\n\t\t\t\t<a href=\"https:\/\/proyectojardin.es\/index.php\/proyecto-de-jardines-en-bodega-descalzos-viejos\/\" class=\"wpzoom-elementor-addons-image-box-link is-linked has-image\" style=\"background-image:url('https:\/\/proyectojardin.es\/wp-content\/uploads\/2023\/04\/PROYECTO-JARDIN-7.jpg');\"><span><strong><\/strong><\/span><\/a>\t\t\t<\/h3>\n\t\t<\/div><!-- \/\/.wpzoom-elementor-addons-image-box -->\n\t\t\t\t<\/div>\n\t\t\t\t<\/div>\n\t\t\t\t<div class=\"elementor-element elementor-element-2afbaf4 elementor-widget elementor-widget-heading\" data-id=\"2afbaf4\" data-element_type=\"widget\" data-widget_type=\"heading.default\">\n\t\t\t\t<div class=\"elementor-widget-container\">\n\t\t\t<p class=\"elementor-heading-title elementor-size-default\"><a href=\"https:\/\/proyectojardin.es\/index.php\/bodega-descalzos-viejos-ronda\/\">Bodegas Descalzos Viejos<\/a><\/p>\t\t<\/div>\n\t\t\t\t<\/div>\n\t\t\t\t<div class=\"elementor-element elementor-element-d05f557 elementor-widget elementor-widget-wpzoom-elementor-addons-image-box\" data-id=\"d05f557\" data-element_type=\"widget\" data-widget_type=\"wpzoom-elementor-addons-image-box.default\">\n\t\t\t\t<div class=\"elementor-widget-container\">\n\t\t\t\t\t<div class=\"wpzoom-elementor-addons-image-box\">\n\t\t\t<h3>\n\t\t\t\t<a href=\"https:\/\/proyectojardin.es\/index.php\/casa-pinto-verbiest-valencina-de-la-concepcion\/\" class=\"wpzoom-elementor-addons-image-box-link is-linked has-image\" style=\"background-image:url('https:\/\/proyectojardin.es\/wp-content\/uploads\/2023\/04\/PROYECTO-JARDIN-2.jpg');\"><span><strong><\/strong><\/span><\/a>\t\t\t<\/h3>\n\t\t<\/div><!-- \/\/.wpzoom-elementor-addons-image-box -->\n\t\t\t\t<\/div>\n\t\t\t\t<\/div>\n\t\t\t\t<div class=\"elementor-element elementor-element-252b2bb elementor-widget elementor-widget-heading\" data-id=\"252b2bb\" data-element_type=\"widget\" data-widget_type=\"heading.default\">\n\t\t\t\t<div class=\"elementor-widget-container\">\n\t\t\t<p class=\"elementor-heading-title elementor-size-default\"><a href=\"https:\/\/proyectojardin.es\/index.php\/casa-pinto-verbiest-valencina-de-la-concepcion\/\">Casa Pinto-Verbiest<\/a><\/p>\t\t<\/div>\n\t\t\t\t<\/div>\n\t\t\t\t\t<\/div>\n\t\t<\/div>\n\t\t\t\t<div class=\"elementor-column elementor-col-33 elementor-top-column elementor-element elementor-element-270445a\" data-id=\"270445a\" data-element_type=\"column\">\n\t\t\t<div class=\"elementor-widget-wrap elementor-element-populated\">\n\t\t\t\t\t\t\t\t<div class=\"elementor-element elementor-element-f2494be elementor-widget elementor-widget-wpzoom-elementor-addons-image-box\" data-id=\"f2494be\" data-element_type=\"widget\" data-widget_type=\"wpzoom-elementor-addons-image-box.default\">\n\t\t\t\t<div class=\"elementor-widget-container\">\n\t\t\t\t\t<div class=\"wpzoom-elementor-addons-image-box\">\n\t\t\t<h3>\n\t\t\t\t<a href=\"https:\/\/proyectojardin.es\/index.php\/un-trozo-de-naturaleza-junto-a-una-casa-moderna\/\" class=\"wpzoom-elementor-addons-image-box-link is-linked has-image\" style=\"background-image:url('https:\/\/proyectojardin.es\/wp-content\/uploads\/2023\/04\/PROYECTO-JARDIN-9.jpg');\"><span><strong><\/strong><\/span><\/a>\t\t\t<\/h3>\n\t\t<\/div><!-- \/\/.wpzoom-elementor-addons-image-box -->\n\t\t\t\t<\/div>\n\t\t\t\t<\/div>\n\t\t\t\t<div class=\"elementor-element elementor-element-5f499f1 elementor-widget elementor-widget-heading\" data-id=\"5f499f1\" data-element_type=\"widget\" data-widget_type=\"heading.default\">\n\t\t\t\t<div class=\"elementor-widget-container\">\n\t\t\t<p class=\"elementor-heading-title elementor-size-default\"><a href=\"https:\/\/proyectojardin.es\/index.php\/casa-galeno-sevilla\/\">Casa Galeno<\/a><\/p>\t\t<\/div>\n\t\t\t\t<\/div>\n\t\t\t\t<div class=\"elementor-element elementor-element-9096767 elementor-widget elementor-widget-wpzoom-elementor-addons-image-box\" data-id=\"9096767\" data-element_type=\"widget\" data-widget_type=\"wpzoom-elementor-addons-image-box.default\">\n\t\t\t\t<div class=\"elementor-widget-container\">\n\t\t\t\t\t<div class=\"wpzoom-elementor-addons-image-box\">\n\t\t\t<h3>\n\t\t\t\t<a href=\"https:\/\/proyectojardin.es\/index.php\/hacienda-juan-ancho-lora-del-rio\/\" class=\"wpzoom-elementor-addons-image-box-link is-linked has-image\" style=\"background-image:url('https:\/\/proyectojardin.es\/wp-content\/uploads\/2023\/04\/PROYECTO-JARDIN-4.jpg');\"><span><strong><\/strong><\/span><\/a>\t\t\t<\/h3>\n\t\t<\/div><!-- \/\/.wpzoom-elementor-addons-image-box -->\n\t\t\t\t<\/div>\n\t\t\t\t<\/div>\n\t\t\t\t<div class=\"elementor-element elementor-element-8beb268 elementor-widget elementor-widget-heading\" data-id=\"8beb268\" data-element_type=\"widget\" data-widget_type=\"heading.default\">\n\t\t\t\t<div class=\"elementor-widget-container\">\n\t\t\t<p class=\"elementor-heading-title elementor-size-default\"><a href=\"https:\/\/proyectojardin.es\/index.php\/hacienda-juan-ancho-lora-del-rio\/\">Hacienda Juan Ancho<\/a><\/p>\t\t<\/div>\n\t\t\t\t<\/div>\n\t\t\t\t<div class=\"elementor-element elementor-element-3c013e4 elementor-widget elementor-widget-wpzoom-elementor-addons-image-box\" data-id=\"3c013e4\" data-element_type=\"widget\" data-widget_type=\"wpzoom-elementor-addons-image-box.default\">\n\t\t\t\t<div class=\"elementor-widget-container\">\n\t\t\t\t\t<div class=\"wpzoom-elementor-addons-image-box\">\n\t\t\t<h3>\n\t\t\t\t<a href=\"https:\/\/proyectojardin.es\/index.php\/jardin-de-crucero-en-la-mandala\/\" class=\"wpzoom-elementor-addons-image-box-link is-linked has-image\" style=\"background-image:url('https:\/\/proyectojardin.es\/wp-content\/uploads\/2023\/04\/PROYECTO-JARDIN-1.jpg');\"><span><strong><\/strong><\/span><\/a>\t\t\t<\/h3>\n\t\t<\/div><!-- \/\/.wpzoom-elementor-addons-image-box -->\n\t\t\t\t<\/div>\n\t\t\t\t<\/div>\n\t\t\t\t<div class=\"elementor-element elementor-element-ddf6e0d elementor-widget elementor-widget-heading\" data-id=\"ddf6e0d\" data-element_type=\"widget\" data-widget_type=\"heading.default\">\n\t\t\t\t<div class=\"elementor-widget-container\">\n\t\t\t<p class=\"elementor-heading-title elementor-size-default\"><a href=\"https:\/\/proyectojardin.es\/index.php\/jardin-de-crucero-en-la-mandala\/\">Jard\u00edn de Crucero en La Mandaluz<\/a><\/p>\t\t<\/div>\n\t\t\t\t<\/div>\n\t\t\t\t\t<\/div>\n\t\t<\/div>\n\t\t\t\t\t\t\t<\/div>\n\t\t<\/section>\n\t\t\t\t\t\t\t<\/div>\n\t\t","protected":false},"excerpt":{"rendered":"<p>PROYECTOS &#8211; PROJECTS La Mandaluz Cortijo Olivar de La Sargenta Casa Alday Casa Giacometti Hotel Bodega El Juncal Bodegas Descalzos Viejos Casa Pinto-Verbiest Casa Galeno Hacienda Juan Ancho Jard\u00edn de Crucero en La Mandaluz<\/p>\n","protected":false},"author":1,"featured_media":0,"parent":0,"menu_order":0,"comment_status":"closed","ping_status":"closed","template":"page-templates\/template-pagebuilder-full-width.php","meta":{"_mi_skip_tracking":false,"neve_meta_sidebar":"","neve_meta_container":"","neve_meta_enable_content_width":"","neve_meta_content_width":0,"neve_meta_title_alignment":"","neve_meta_author_avatar":"","neve_post_elements_order":"","neve_meta_disable_header":"","neve_meta_disable_footer":"","neve_meta_disable_title":"","_joinchat":[]},"yoast_head":"<!-- This site is optimized with the Yoast SEO plugin v20.6 - https:\/\/yoast.com\/wordpress\/plugins\/seo\/ -->\n<title>Jardines - Estudio de Paisajismo<\/title>\n<meta name=\"robots\" content=\"index, follow, max-snippet:-1, max-image-preview:large, max-video-preview:-1\" \/>\n<link rel=\"canonical\" href=\"https:\/\/proyectojardin.es\/index.php\/jardines\/\" \/>\n<meta property=\"og:locale\" content=\"es_ES\" \/>\n<meta property=\"og:type\" content=\"article\" \/>\n<meta property=\"og:title\" content=\"Jardines - Estudio de Paisajismo\" \/>\n<meta property=\"og:description\" content=\"PROYECTOS &#8211; PROJECTS La Mandaluz Cortijo Olivar de La Sargenta Casa Alday Casa Giacometti Hotel Bodega El Juncal Bodegas Descalzos Viejos Casa Pinto-Verbiest Casa Galeno Hacienda Juan Ancho Jard\u00edn de Crucero en La Mandaluz\" \/>\n<meta property=\"og:url\" content=\"https:\/\/proyectojardin.es\/index.php\/jardines\/\" \/>\n<meta property=\"og:site_name\" content=\"Estudio de Paisajismo\" \/>\n<meta property=\"article:modified_time\" content=\"2023-05-12T14:12:17+00:00\" \/>\n<meta name=\"twitter:card\" content=\"summary_large_image\" \/>\n<meta name=\"twitter:label1\" content=\"Tiempo de lectura\" \/>\n\t<meta name=\"twitter:data1\" content=\"1 minuto\" \/>\n<script type=\"application\/ld+json\" class=\"yoast-schema-graph\">{\"@context\":\"https:\/\/schema.org\",\"@graph\":[{\"@type\":\"WebPage\",\"@id\":\"https:\/\/proyectojardin.es\/index.php\/jardines\/\",\"url\":\"https:\/\/proyectojardin.es\/index.php\/jardines\/\",\"name\":\"Jardines - Estudio de Paisajismo\",\"isPartOf\":{\"@id\":\"https:\/\/proyectojardin.es\/#website\"},\"datePublished\":\"2023-04-14T08:47:23+00:00\",\"dateModified\":\"2023-05-12T14:12:17+00:00\",\"breadcrumb\":{\"@id\":\"https:\/\/proyectojardin.es\/index.php\/jardines\/#breadcrumb\"},\"inLanguage\":\"es\",\"potentialAction\":[{\"@type\":\"ReadAction\",\"target\":[\"https:\/\/proyectojardin.es\/index.php\/jardines\/\"]}]},{\"@type\":\"BreadcrumbList\",\"@id\":\"https:\/\/proyectojardin.es\/index.php\/jardines\/#breadcrumb\",\"itemListElement\":[{\"@type\":\"ListItem\",\"position\":1,\"name\":\"Portada\",\"item\":\"https:\/\/proyectojardin.es\/\"},{\"@type\":\"ListItem\",\"position\":2,\"name\":\"Jardines\"}]},{\"@type\":\"WebSite\",\"@id\":\"https:\/\/proyectojardin.es\/#website\",\"url\":\"https:\/\/proyectojardin.es\/\",\"name\":\"Proyecto Jard\u00edn\",\"description\":\"Dise\u00f1o y construcci\u00f3n de espacios verdes. Especialidad en jardines mediterr\u00e1neos de bajo consumo en agua y escaso mantenimiento.\",\"publisher\":{\"@id\":\"https:\/\/proyectojardin.es\/#\/schema\/person\/6c4a01b17e7cab0eb8d27bd45ca3dfc1\"},\"potentialAction\":[{\"@type\":\"SearchAction\",\"target\":{\"@type\":\"EntryPoint\",\"urlTemplate\":\"https:\/\/proyectojardin.es\/?s={search_term_string}\"},\"query-input\":\"required name=search_term_string\"}],\"inLanguage\":\"es\"},{\"@type\":[\"Person\",\"Organization\"],\"@id\":\"https:\/\/proyectojardin.es\/#\/schema\/person\/6c4a01b17e7cab0eb8d27bd45ca3dfc1\",\"name\":\"migueldiazmorant@gmail.com\",\"image\":{\"@type\":\"ImageObject\",\"inLanguage\":\"es\",\"@id\":\"https:\/\/proyectojardin.es\/#\/schema\/person\/image\/\",\"url\":\"http:\/\/proyectojardin.es\/wp-content\/uploads\/2023\/03\/cropped-logo.png\",\"contentUrl\":\"http:\/\/proyectojardin.es\/wp-content\/uploads\/2023\/03\/cropped-logo.png\",\"width\":500,\"height\":187,\"caption\":\"migueldiazmorant@gmail.com\"},\"logo\":{\"@id\":\"https:\/\/proyectojardin.es\/#\/schema\/person\/image\/\"},\"description\":\"Paisajista con larga experiencia en dise\u00f1o de jardines con localizaciones en distintos \u00e1mbitos climatol\u00f3gicos, con destacado conocimiento en plantas aut\u00f3ctonas mediterr\u00e1neas y bajo consumo en agua.\",\"sameAs\":[\"http:\/\/proyectojardin.es\"]}]}<\/script>\n<!-- \/ Yoast SEO plugin. -->","yoast_head_json":{"title":"Jardines - Estudio de Paisajismo","robots":{"index":"index","follow":"follow","max-snippet":"max-snippet:-1","max-image-preview":"max-image-preview:large","max-video-preview":"max-video-preview:-1"},"canonical":"https:\/\/proyectojardin.es\/index.php\/jardines\/","og_locale":"es_ES","og_type":"article","og_title":"Jardines - Estudio de Paisajismo","og_description":"PROYECTOS &#8211; PROJECTS La Mandaluz Cortijo Olivar de La Sargenta Casa Alday Casa Giacometti Hotel Bodega El Juncal Bodegas Descalzos Viejos Casa Pinto-Verbiest Casa Galeno Hacienda Juan Ancho Jard\u00edn de Crucero en La Mandaluz","og_url":"https:\/\/proyectojardin.es\/index.php\/jardines\/","og_site_name":"Estudio de Paisajismo","article_modified_time":"2023-05-12T14:12:17+00:00","twitter_card":"summary_large_image","twitter_misc":{"Tiempo de lectura":"1 minuto"},"schema":{"@context":"https:\/\/schema.org","@graph":[{"@type":"WebPage","@id":"https:\/\/proyectojardin.es\/index.php\/jardines\/","url":"https:\/\/proyectojardin.es\/index.php\/jardines\/","name":"Jardines - Estudio de Paisajismo","isPartOf":{"@id":"https:\/\/proyectojardin.es\/#website"},"datePublished":"2023-04-14T08:47:23+00:00","dateModified":"2023-05-12T14:12:17+00:00","breadcrumb":{"@id":"https:\/\/proyectojardin.es\/index.php\/jardines\/#breadcrumb"},"inLanguage":"es","potentialAction":[{"@type":"ReadAction","target":["https:\/\/proyectojardin.es\/index.php\/jardines\/"]}]},{"@type":"BreadcrumbList","@id":"https:\/\/proyectojardin.es\/index.php\/jardines\/#breadcrumb","itemListElement":[{"@type":"ListItem","position":1,"name":"Portada","item":"https:\/\/proyectojardin.es\/"},{"@type":"ListItem","position":2,"name":"Jardines"}]},{"@type":"WebSite","@id":"https:\/\/proyectojardin.es\/#website","url":"https:\/\/proyectojardin.es\/","name":"Proyecto Jard\u00edn","description":"Dise\u00f1o y construcci\u00f3n de espacios verdes. Especialidad en jardines mediterr\u00e1neos de bajo consumo en agua y escaso mantenimiento.","publisher":{"@id":"https:\/\/proyectojardin.es\/#\/schema\/person\/6c4a01b17e7cab0eb8d27bd45ca3dfc1"},"potentialAction":[{"@type":"SearchAction","target":{"@type":"EntryPoint","urlTemplate":"https:\/\/proyectojardin.es\/?s={search_term_string}"},"query-input":"required name=search_term_string"}],"inLanguage":"es"},{"@type":["Person","Organization"],"@id":"https:\/\/proyectojardin.es\/#\/schema\/person\/6c4a01b17e7cab0eb8d27bd45ca3dfc1","name":"migueldiazmorant@gmail.com","image":{"@type":"ImageObject","inLanguage":"es","@id":"https:\/\/proyectojardin.es\/#\/schema\/person\/image\/","url":"http:\/\/proyectojardin.es\/wp-content\/uploads\/2023\/03\/cropped-logo.png","contentUrl":"http:\/\/proyectojardin.es\/wp-content\/uploads\/2023\/03\/cropped-logo.png","width":500,"height":187,"caption":"migueldiazmorant@gmail.com"},"logo":{"@id":"https:\/\/proyectojardin.es\/#\/schema\/person\/image\/"},"description":"Paisajista con larga experiencia en dise\u00f1o de jardines con localizaciones en distintos \u00e1mbitos climatol\u00f3gicos, con destacado conocimiento en plantas aut\u00f3ctonas mediterr\u00e1neas y bajo consumo en agua.","sameAs":["http:\/\/proyectojardin.es"]}]}},"featured_media_urls":[],"_links":{"self":[{"href":"https:\/\/proyectojardin.es\/index.php\/wp-json\/wp\/v2\/pages\/7877"}],"collection":[{"href":"https:\/\/proyectojardin.es\/index.php\/wp-json\/wp\/v2\/pages"}],"about":[{"href":"https:\/\/proyectojardin.es\/index.php\/wp-json\/wp\/v2\/types\/page"}],"author":[{"embeddable":true,"href":"https:\/\/proyectojardin.es\/index.php\/wp-json\/wp\/v2\/users\/1"}],"replies":[{"embeddable":true,"href":"https:\/\/proyectojardin.es\/index.php\/wp-json\/wp\/v2\/comments?post=7877"}],"version-history":[{"count":16,"href":"https:\/\/proyectojardin.es\/index.php\/wp-json\/wp\/v2\/pages\/7877\/revisions"}],"predecessor-version":[{"id":8755,"href":"https:\/\/proyectojardin.es\/index.php\/wp-json\/wp\/v2\/pages\/7877\/revisions\/8755"}],"wp:attachment":[{"href":"https:\/\/proyectojardin.es\/index.php\/wp-json\/wp\/v2\/media?parent=7877"}],"curies":[{"name":"wp","href":"https:\/\/api.w.org\/{rel}","templated":true}]}}