{"id":7704,"date":"2023-04-10T20:06:51","date_gmt":"2023-04-10T19:06:51","guid":{"rendered":"https:\/\/proyectojardin.es\/?page_id=7704"},"modified":"2023-05-07T10:39:43","modified_gmt":"2023-05-07T09:39:43","slug":"hacienda-juan-ancho-lora-del-rio","status":"publish","type":"page","link":"https:\/\/proyectojardin.es\/index.php\/hacienda-juan-ancho-lora-del-rio\/","title":{"rendered":"Hacienda Juan Ancho. Lora del R\u00edo"},"content":{"rendered":"\t\t<div data-elementor-type=\"wp-page\" data-elementor-id=\"7704\" class=\"elementor elementor-7704\">\n\t\t\t\t\t\t\t\t\t<section class=\"elementor-section elementor-top-section elementor-element elementor-element-c330be5 elementor-section-boxed elementor-section-height-default elementor-section-height-default\" data-id=\"c330be5\" data-element_type=\"section\" id=\"hacienda juan ancho\">\n\t\t\t\t\t\t<div class=\"elementor-container elementor-column-gap-default\">\n\t\t\t\t\t<div class=\"elementor-column elementor-col-66 elementor-top-column elementor-element elementor-element-1994461\" data-id=\"1994461\" data-element_type=\"column\">\n\t\t\t<div class=\"elementor-widget-wrap elementor-element-populated\">\n\t\t\t\t\t\t\t\t<div class=\"elementor-element elementor-element-081946b elementor-widget elementor-widget-wpzoom-elementor-addons-image-box\" data-id=\"081946b\" data-element_type=\"widget\" data-widget_type=\"wpzoom-elementor-addons-image-box.default\">\n\t\t\t\t<div class=\"elementor-widget-container\">\n\t\t\t\t\t<div class=\"wpzoom-elementor-addons-image-box\">\n\t\t\t<h3>\n\t\t\t\t<a href=\"https:\/\/proyectojardin.es\/index.php\/casa-alday-jerez\/\" class=\"wpzoom-elementor-addons-image-box-link is-linked has-image\" style=\"background-image:url('https:\/\/proyectojardin.es\/wp-content\/uploads\/2023\/04\/6-8.jpg');\"><span><strong><\/strong><\/span><\/a>\t\t\t<\/h3>\n\t\t<\/div><!-- \/\/.wpzoom-elementor-addons-image-box -->\n\t\t\t\t<\/div>\n\t\t\t\t<\/div>\n\t\t\t\t<div class=\"elementor-element elementor-element-dc0f084 elementor-widget elementor-widget-wpzoom-elementor-addons-image-box\" data-id=\"dc0f084\" data-element_type=\"widget\" data-widget_type=\"wpzoom-elementor-addons-image-box.default\">\n\t\t\t\t<div class=\"elementor-widget-container\">\n\t\t\t\t\t<div class=\"wpzoom-elementor-addons-image-box\">\n\t\t\t<h3>\n\t\t\t\t<span class=\"wpzoom-elementor-addons-image-box-link not-linked has-image\" style=\"background-image:url('https:\/\/proyectojardin.es\/wp-content\/uploads\/2023\/04\/3-9.jpg');\"><span><strong><\/strong><\/span><\/span>\t\t\t<\/h3>\n\t\t<\/div><!-- \/\/.wpzoom-elementor-addons-image-box -->\n\t\t\t\t<\/div>\n\t\t\t\t<\/div>\n\t\t\t\t<div class=\"elementor-element elementor-element-c3d7527 elementor-widget elementor-widget-wpzoom-elementor-addons-image-box\" data-id=\"c3d7527\" data-element_type=\"widget\" data-widget_type=\"wpzoom-elementor-addons-image-box.default\">\n\t\t\t\t<div class=\"elementor-widget-container\">\n\t\t\t\t\t<div class=\"wpzoom-elementor-addons-image-box\">\n\t\t\t<h3>\n\t\t\t\t<span class=\"wpzoom-elementor-addons-image-box-link not-linked has-image\" style=\"background-image:url('https:\/\/proyectojardin.es\/wp-content\/uploads\/2023\/04\/1-7.jpg');\"><span><strong><\/strong><\/span><\/span>\t\t\t<\/h3>\n\t\t<\/div><!-- \/\/.wpzoom-elementor-addons-image-box -->\n\t\t\t\t<\/div>\n\t\t\t\t<\/div>\n\t\t\t\t<div class=\"elementor-element elementor-element-a95e73a elementor-widget elementor-widget-wpzoom-elementor-addons-image-box\" data-id=\"a95e73a\" data-element_type=\"widget\" data-widget_type=\"wpzoom-elementor-addons-image-box.default\">\n\t\t\t\t<div class=\"elementor-widget-container\">\n\t\t\t\t\t<div class=\"wpzoom-elementor-addons-image-box\">\n\t\t\t<h3>\n\t\t\t\t<span class=\"wpzoom-elementor-addons-image-box-link not-linked has-image\" style=\"background-image:url('https:\/\/proyectojardin.es\/wp-content\/uploads\/2023\/04\/5-2.jpg');\"><span><strong><\/strong><\/span><\/span>\t\t\t<\/h3>\n\t\t<\/div><!-- \/\/.wpzoom-elementor-addons-image-box -->\n\t\t\t\t<\/div>\n\t\t\t\t<\/div>\n\t\t\t\t<div class=\"elementor-element elementor-element-a9ade0a elementor-widget elementor-widget-wpzoom-elementor-addons-image-box\" data-id=\"a9ade0a\" data-element_type=\"widget\" data-widget_type=\"wpzoom-elementor-addons-image-box.default\">\n\t\t\t\t<div class=\"elementor-widget-container\">\n\t\t\t\t\t<div class=\"wpzoom-elementor-addons-image-box\">\n\t\t\t<h3>\n\t\t\t\t<span class=\"wpzoom-elementor-addons-image-box-link not-linked has-image\" style=\"background-image:url('https:\/\/proyectojardin.es\/wp-content\/uploads\/2023\/04\/7-8.jpg');\"><span><strong><\/strong><\/span><\/span>\t\t\t<\/h3>\n\t\t<\/div><!-- \/\/.wpzoom-elementor-addons-image-box -->\n\t\t\t\t<\/div>\n\t\t\t\t<\/div>\n\t\t\t\t<div class=\"elementor-element elementor-element-3a45bf7 elementor-widget elementor-widget-wpzoom-elementor-addons-image-box\" data-id=\"3a45bf7\" data-element_type=\"widget\" data-widget_type=\"wpzoom-elementor-addons-image-box.default\">\n\t\t\t\t<div class=\"elementor-widget-container\">\n\t\t\t\t\t<div class=\"wpzoom-elementor-addons-image-box\">\n\t\t\t<h3>\n\t\t\t\t<span class=\"wpzoom-elementor-addons-image-box-link not-linked has-image\" style=\"background-image:url('https:\/\/proyectojardin.es\/wp-content\/uploads\/2023\/04\/9-8.jpg');\"><span><strong><\/strong><\/span><\/span>\t\t\t<\/h3>\n\t\t<\/div><!-- \/\/.wpzoom-elementor-addons-image-box -->\n\t\t\t\t<\/div>\n\t\t\t\t<\/div>\n\t\t\t\t<div class=\"elementor-element elementor-element-68dbc35 elementor-widget elementor-widget-wpzoom-elementor-addons-image-box\" data-id=\"68dbc35\" data-element_type=\"widget\" data-widget_type=\"wpzoom-elementor-addons-image-box.default\">\n\t\t\t\t<div class=\"elementor-widget-container\">\n\t\t\t\t\t<div class=\"wpzoom-elementor-addons-image-box\">\n\t\t\t<h3>\n\t\t\t\t<span class=\"wpzoom-elementor-addons-image-box-link not-linked has-image\" style=\"background-image:url('https:\/\/proyectojardin.es\/wp-content\/uploads\/2023\/04\/13-8.jpg');\"><span><strong><\/strong><\/span><\/span>\t\t\t<\/h3>\n\t\t<\/div><!-- \/\/.wpzoom-elementor-addons-image-box -->\n\t\t\t\t<\/div>\n\t\t\t\t<\/div>\n\t\t\t\t<div class=\"elementor-element elementor-element-78ceb89 elementor-widget elementor-widget-wpzoom-elementor-addons-image-box\" data-id=\"78ceb89\" data-element_type=\"widget\" data-widget_type=\"wpzoom-elementor-addons-image-box.default\">\n\t\t\t\t<div class=\"elementor-widget-container\">\n\t\t\t\t\t<div class=\"wpzoom-elementor-addons-image-box\">\n\t\t\t<h3>\n\t\t\t\t<span class=\"wpzoom-elementor-addons-image-box-link not-linked has-image\" style=\"background-image:url('https:\/\/proyectojardin.es\/wp-content\/uploads\/2023\/04\/10-7.jpg');\"><span><strong><\/strong><\/span><\/span>\t\t\t<\/h3>\n\t\t<\/div><!-- \/\/.wpzoom-elementor-addons-image-box -->\n\t\t\t\t<\/div>\n\t\t\t\t<\/div>\n\t\t\t\t<div class=\"elementor-element elementor-element-34ce755 elementor-widget elementor-widget-wpzoom-elementor-addons-image-box\" data-id=\"34ce755\" data-element_type=\"widget\" data-widget_type=\"wpzoom-elementor-addons-image-box.default\">\n\t\t\t\t<div class=\"elementor-widget-container\">\n\t\t\t\t\t<div class=\"wpzoom-elementor-addons-image-box\">\n\t\t\t<h3>\n\t\t\t\t<span class=\"wpzoom-elementor-addons-image-box-link not-linked has-image\" style=\"background-image:url('https:\/\/proyectojardin.es\/wp-content\/uploads\/2023\/04\/12-9.jpg');\"><span><strong><\/strong><\/span><\/span>\t\t\t<\/h3>\n\t\t<\/div><!-- \/\/.wpzoom-elementor-addons-image-box -->\n\t\t\t\t<\/div>\n\t\t\t\t<\/div>\n\t\t\t\t<div class=\"elementor-element elementor-element-c0fad19 elementor-widget elementor-widget-wpzoom-elementor-addons-image-box\" data-id=\"c0fad19\" data-element_type=\"widget\" data-widget_type=\"wpzoom-elementor-addons-image-box.default\">\n\t\t\t\t<div class=\"elementor-widget-container\">\n\t\t\t\t\t<div class=\"wpzoom-elementor-addons-image-box\">\n\t\t\t<h3>\n\t\t\t\t<span class=\"wpzoom-elementor-addons-image-box-link not-linked has-image\" style=\"background-image:url('https:\/\/proyectojardin.es\/wp-content\/uploads\/2023\/04\/11-7.jpg');\"><span><strong><\/strong><\/span><\/span>\t\t\t<\/h3>\n\t\t<\/div><!-- \/\/.wpzoom-elementor-addons-image-box -->\n\t\t\t\t<\/div>\n\t\t\t\t<\/div>\n\t\t\t\t<div class=\"elementor-element elementor-element-fd185ec elementor-widget elementor-widget-wpzoom-elementor-addons-image-box\" data-id=\"fd185ec\" data-element_type=\"widget\" data-widget_type=\"wpzoom-elementor-addons-image-box.default\">\n\t\t\t\t<div class=\"elementor-widget-container\">\n\t\t\t\t\t<div class=\"wpzoom-elementor-addons-image-box\">\n\t\t\t<h3>\n\t\t\t\t<span class=\"wpzoom-elementor-addons-image-box-link not-linked has-image\" style=\"background-image:url('https:\/\/proyectojardin.es\/wp-content\/uploads\/2023\/04\/15-10.jpg');\"><span><strong><\/strong><\/span><\/span>\t\t\t<\/h3>\n\t\t<\/div><!-- \/\/.wpzoom-elementor-addons-image-box -->\n\t\t\t\t<\/div>\n\t\t\t\t<\/div>\n\t\t\t\t<div class=\"elementor-element elementor-element-f77afb0 elementor-widget elementor-widget-wpzoom-elementor-addons-image-box\" data-id=\"f77afb0\" data-element_type=\"widget\" data-widget_type=\"wpzoom-elementor-addons-image-box.default\">\n\t\t\t\t<div class=\"elementor-widget-container\">\n\t\t\t\t\t<div class=\"wpzoom-elementor-addons-image-box\">\n\t\t\t<h3>\n\t\t\t\t<span class=\"wpzoom-elementor-addons-image-box-link not-linked has-image\" style=\"background-image:url('https:\/\/proyectojardin.es\/wp-content\/uploads\/2023\/04\/16-10.jpg');\"><span><strong><\/strong><\/span><\/span>\t\t\t<\/h3>\n\t\t<\/div><!-- \/\/.wpzoom-elementor-addons-image-box -->\n\t\t\t\t<\/div>\n\t\t\t\t<\/div>\n\t\t\t\t<div class=\"elementor-element elementor-element-e221b73 elementor-widget elementor-widget-wpzoom-elementor-addons-image-box\" data-id=\"e221b73\" data-element_type=\"widget\" data-widget_type=\"wpzoom-elementor-addons-image-box.default\">\n\t\t\t\t<div class=\"elementor-widget-container\">\n\t\t\t\t\t<div class=\"wpzoom-elementor-addons-image-box\">\n\t\t\t<h3>\n\t\t\t\t<span class=\"wpzoom-elementor-addons-image-box-link not-linked has-image\" style=\"background-image:url('https:\/\/proyectojardin.es\/wp-content\/uploads\/2023\/04\/17-9.jpg');\"><span><strong><\/strong><\/span><\/span>\t\t\t<\/h3>\n\t\t<\/div><!-- \/\/.wpzoom-elementor-addons-image-box -->\n\t\t\t\t<\/div>\n\t\t\t\t<\/div>\n\t\t\t\t<div class=\"elementor-element elementor-element-72ec16c elementor-widget elementor-widget-wpzoom-elementor-addons-image-box\" data-id=\"72ec16c\" data-element_type=\"widget\" data-widget_type=\"wpzoom-elementor-addons-image-box.default\">\n\t\t\t\t<div class=\"elementor-widget-container\">\n\t\t\t\t\t<div class=\"wpzoom-elementor-addons-image-box\">\n\t\t\t<h3>\n\t\t\t\t<span class=\"wpzoom-elementor-addons-image-box-link not-linked has-image\" style=\"background-image:url('https:\/\/proyectojardin.es\/wp-content\/uploads\/2023\/04\/18-7.jpg');\"><span><strong><\/strong><\/span><\/span>\t\t\t<\/h3>\n\t\t<\/div><!-- \/\/.wpzoom-elementor-addons-image-box -->\n\t\t\t\t<\/div>\n\t\t\t\t<\/div>\n\t\t\t\t<div class=\"elementor-element elementor-element-da253e1 elementor-widget elementor-widget-wpzoom-elementor-addons-image-box\" data-id=\"da253e1\" data-element_type=\"widget\" data-widget_type=\"wpzoom-elementor-addons-image-box.default\">\n\t\t\t\t<div class=\"elementor-widget-container\">\n\t\t\t\t\t<div class=\"wpzoom-elementor-addons-image-box\">\n\t\t\t<h3>\n\t\t\t\t<span class=\"wpzoom-elementor-addons-image-box-link not-linked has-image\" style=\"background-image:url('https:\/\/proyectojardin.es\/wp-content\/uploads\/2023\/04\/c38b734e9138c133fa93393bc03a332a.jpg');\"><span><strong><\/strong><\/span><\/span>\t\t\t<\/h3>\n\t\t<\/div><!-- \/\/.wpzoom-elementor-addons-image-box -->\n\t\t\t\t<\/div>\n\t\t\t\t<\/div>\n\t\t\t\t<div class=\"elementor-element elementor-element-6e4a492 elementor-widget elementor-widget-wpzoom-elementor-addons-image-box\" data-id=\"6e4a492\" data-element_type=\"widget\" data-widget_type=\"wpzoom-elementor-addons-image-box.default\">\n\t\t\t\t<div class=\"elementor-widget-container\">\n\t\t\t\t\t<div class=\"wpzoom-elementor-addons-image-box\">\n\t\t\t<h3>\n\t\t\t\t<span class=\"wpzoom-elementor-addons-image-box-link not-linked has-image\" style=\"background-image:url('https:\/\/proyectojardin.es\/wp-content\/uploads\/2023\/04\/Manolo-Bajo.jpg');\"><span><strong><\/strong><\/span><\/span>\t\t\t<\/h3>\n\t\t<\/div><!-- \/\/.wpzoom-elementor-addons-image-box -->\n\t\t\t\t<\/div>\n\t\t\t\t<\/div>\n\t\t\t\t\t<\/div>\n\t\t<\/div>\n\t\t\t\t<div class=\"elementor-column elementor-col-33 elementor-top-column elementor-element elementor-element-e0afafd\" data-id=\"e0afafd\" data-element_type=\"column\">\n\t\t\t<div class=\"elementor-widget-wrap elementor-element-populated\">\n\t\t\t\t\t\t\t\t<div class=\"elementor-element elementor-element-d20b73f elementor-widget elementor-widget-heading\" data-id=\"d20b73f\" data-element_type=\"widget\" data-widget_type=\"heading.default\">\n\t\t\t\t<div class=\"elementor-widget-container\">\n\t\t\t<style>\/*! elementor - v3.11.5 - 14-03-2023 *\/\n.elementor-heading-title{padding:0;margin:0;line-height:1}.elementor-widget-heading .elementor-heading-title[class*=elementor-size-]>a{color:inherit;font-size:inherit;line-height:inherit}.elementor-widget-heading .elementor-heading-title.elementor-size-small{font-size:15px}.elementor-widget-heading .elementor-heading-title.elementor-size-medium{font-size:19px}.elementor-widget-heading .elementor-heading-title.elementor-size-large{font-size:29px}.elementor-widget-heading .elementor-heading-title.elementor-size-xl{font-size:39px}.elementor-widget-heading .elementor-heading-title.elementor-size-xxl{font-size:59px}<\/style><h1 class=\"elementor-heading-title elementor-size-default\"><a href=\"http:\/\/Hacienda%20Juan%20Ancho%20Lora%20del%20R\u00edo\">Hacienda Juan Ancho. Lora del R\u00edo<\/a><\/h1>\t\t<\/div>\n\t\t\t\t<\/div>\n\t\t\t\t<div class=\"elementor-element elementor-element-cee691c elementor-widget elementor-widget-text-editor\" data-id=\"cee691c\" data-element_type=\"widget\" data-widget_type=\"text-editor.default\">\n\t\t\t\t<div class=\"elementor-widget-container\">\n\t\t\t<style>\/*! elementor - v3.11.5 - 14-03-2023 *\/\n.elementor-widget-text-editor.elementor-drop-cap-view-stacked .elementor-drop-cap{background-color:#818a91;color:#fff}.elementor-widget-text-editor.elementor-drop-cap-view-framed .elementor-drop-cap{color:#818a91;border:3px solid;background-color:transparent}.elementor-widget-text-editor:not(.elementor-drop-cap-view-default) .elementor-drop-cap{margin-top:8px}.elementor-widget-text-editor:not(.elementor-drop-cap-view-default) .elementor-drop-cap-letter{width:1em;height:1em}.elementor-widget-text-editor .elementor-drop-cap{float:left;text-align:center;line-height:1;font-size:50px}.elementor-widget-text-editor .elementor-drop-cap-letter{display:inline-block}<\/style>\t\t\t\t<p>Esta finca situada en Lora del R\u00edo, dedicada a la cr\u00eda de toros bravos, alberga una gran dehesa de encinas y matorral mediterr\u00e1neo de gran valor medioambiental. En la finca se restauraron caminos y plantaron encinas y chopos. En las proximidades de la vivienda principal y la de los caseros se plantaron cactus y otras plantas crasas. En la parte trasera se sembr\u00f3 una pradera de Cynodon dactylon y sanearon \u00e1rboles de morera y arbustos existentes.<\/p><h4>ENGLISH<\/h4><p>This farm located in Lora del R\u00edo, dedicated to the breeding of fighting bulls, has a large forest of holm oaks and Mediterranean scrub of great environmental value. Along the forest (dehesa), some roads were restored and holm oaks and poplars were planted. Cacti and other succulent plants were planted next to the landlord house and the staff. To the rear, a Cynodon dactylon meadow was planted and existing mulberry trees and shrubs were cleared.<\/p>\t\t\t\t\t\t<\/div>\n\t\t\t\t<\/div>\n\t\t\t\t\t<\/div>\n\t\t<\/div>\n\t\t\t\t\t\t\t<\/div>\n\t\t<\/section>\n\t\t\t\t<section class=\"elementor-section elementor-top-section elementor-element elementor-element-11d2123 elementor-section-boxed elementor-section-height-default elementor-section-height-default\" data-id=\"11d2123\" data-element_type=\"section\">\n\t\t\t\t\t\t<div class=\"elementor-container elementor-column-gap-default\">\n\t\t\t\t\t<div class=\"elementor-column elementor-col-100 elementor-top-column elementor-element elementor-element-51f4dc7\" data-id=\"51f4dc7\" data-element_type=\"column\">\n\t\t\t<div class=\"elementor-widget-wrap elementor-element-populated\">\n\t\t\t\t\t\t\t\t<div class=\"elementor-element elementor-element-0f76ec1 elementor-view-default elementor-mobile-position-top elementor-vertical-align-top elementor-widget elementor-widget-icon-box\" data-id=\"0f76ec1\" data-element_type=\"widget\" data-widget_type=\"icon-box.default\">\n\t\t\t\t<div class=\"elementor-widget-container\">\n\t\t\t<link rel=\"stylesheet\" href=\"https:\/\/proyectojardin.es\/wp-content\/plugins\/elementor\/assets\/css\/widget-icon-box.min.css\">\t\t<div class=\"elementor-icon-box-wrapper\">\n\t\t\t\t\t\t<div class=\"elementor-icon-box-icon\">\n\t\t\t\t<a class=\"elementor-icon elementor-animation-\" href=\"\">\n\t\t\t\t<i aria-hidden=\"true\" class=\"fas fa-arrow-up\"><\/i>\t\t\t\t<\/a>\n\t\t\t<\/div>\n\t\t\t\t\t\t<div class=\"elementor-icon-box-content\">\n\t\t\t\t<h3 class=\"elementor-icon-box-title\">\n\t\t\t\t\t<a href=\"\" >\n\t\t\t\t\t\tSUBIR\t\t\t\t\t<\/a>\n\t\t\t\t<\/h3>\n\t\t\t\t\t\t\t<\/div>\n\t\t<\/div>\n\t\t\t\t<\/div>\n\t\t\t\t<\/div>\n\t\t\t\t\t<\/div>\n\t\t<\/div>\n\t\t\t\t\t\t\t<\/div>\n\t\t<\/section>\n\t\t\t\t\t\t\t<\/div>\n\t\t","protected":false},"excerpt":{"rendered":"<p>Hacienda Juan Ancho. Lora del R\u00edo Esta finca situada en Lora del R\u00edo, dedicada a la cr\u00eda de toros bravos, alberga una gran dehesa de encinas y matorral mediterr\u00e1neo de gran valor medioambiental. En la finca se restauraron caminos y plantaron encinas y chopos. En las proximidades de la vivienda principal y la de los&hellip;&nbsp;<a href=\"https:\/\/proyectojardin.es\/index.php\/hacienda-juan-ancho-lora-del-rio\/\" class=\"\" rel=\"bookmark\">Leer m\u00e1s &raquo;<span class=\"screen-reader-text\">Hacienda Juan Ancho. Lora del R\u00edo<\/span><\/a><\/p>\n","protected":false},"author":1,"featured_media":0,"parent":0,"menu_order":0,"comment_status":"closed","ping_status":"closed","template":"page-templates\/template-pagebuilder-full-width.php","meta":{"_mi_skip_tracking":false,"neve_meta_sidebar":"","neve_meta_container":"","neve_meta_enable_content_width":"","neve_meta_content_width":0,"neve_meta_title_alignment":"","neve_meta_author_avatar":"","neve_post_elements_order":"","neve_meta_disable_header":"","neve_meta_disable_footer":"","neve_meta_disable_title":"","_joinchat":[]},"yoast_head":"<!-- This site is optimized with the Yoast SEO plugin v20.6 - https:\/\/yoast.com\/wordpress\/plugins\/seo\/ -->\n<title>Hacienda Juan Ancho. Lora del R\u00edo - Estudio de Paisajismo<\/title>\n<meta name=\"robots\" content=\"index, follow, max-snippet:-1, max-image-preview:large, max-video-preview:-1\" \/>\n<link rel=\"canonical\" href=\"https:\/\/proyectojardin.es\/index.php\/hacienda-juan-ancho-lora-del-rio\/\" \/>\n<meta property=\"og:locale\" content=\"es_ES\" \/>\n<meta property=\"og:type\" content=\"article\" \/>\n<meta property=\"og:title\" content=\"Hacienda Juan Ancho. Lora del R\u00edo - Estudio de Paisajismo\" \/>\n<meta property=\"og:description\" content=\"Hacienda Juan Ancho. Lora del R\u00edo Esta finca situada en Lora del R\u00edo, dedicada a la cr\u00eda de toros bravos, alberga una gran dehesa de encinas y matorral mediterr\u00e1neo de gran valor medioambiental. En la finca se restauraron caminos y plantaron encinas y chopos. En las proximidades de la vivienda principal y la de los&hellip;&nbsp;Leer m\u00e1s &raquo;Hacienda Juan Ancho. Lora del R\u00edo\" \/>\n<meta property=\"og:url\" content=\"https:\/\/proyectojardin.es\/index.php\/hacienda-juan-ancho-lora-del-rio\/\" \/>\n<meta property=\"og:site_name\" content=\"Estudio de Paisajismo\" \/>\n<meta property=\"article:modified_time\" content=\"2023-05-07T09:39:43+00:00\" \/>\n<meta name=\"twitter:card\" content=\"summary_large_image\" \/>\n<meta name=\"twitter:label1\" content=\"Tiempo de lectura\" \/>\n\t<meta name=\"twitter:data1\" content=\"1 minuto\" \/>\n<script type=\"application\/ld+json\" class=\"yoast-schema-graph\">{\"@context\":\"https:\/\/schema.org\",\"@graph\":[{\"@type\":\"WebPage\",\"@id\":\"https:\/\/proyectojardin.es\/index.php\/hacienda-juan-ancho-lora-del-rio\/\",\"url\":\"https:\/\/proyectojardin.es\/index.php\/hacienda-juan-ancho-lora-del-rio\/\",\"name\":\"Hacienda Juan Ancho. Lora del R\u00edo - Estudio de Paisajismo\",\"isPartOf\":{\"@id\":\"https:\/\/proyectojardin.es\/#website\"},\"datePublished\":\"2023-04-10T19:06:51+00:00\",\"dateModified\":\"2023-05-07T09:39:43+00:00\",\"breadcrumb\":{\"@id\":\"https:\/\/proyectojardin.es\/index.php\/hacienda-juan-ancho-lora-del-rio\/#breadcrumb\"},\"inLanguage\":\"es\",\"potentialAction\":[{\"@type\":\"ReadAction\",\"target\":[\"https:\/\/proyectojardin.es\/index.php\/hacienda-juan-ancho-lora-del-rio\/\"]}]},{\"@type\":\"BreadcrumbList\",\"@id\":\"https:\/\/proyectojardin.es\/index.php\/hacienda-juan-ancho-lora-del-rio\/#breadcrumb\",\"itemListElement\":[{\"@type\":\"ListItem\",\"position\":1,\"name\":\"Portada\",\"item\":\"https:\/\/proyectojardin.es\/\"},{\"@type\":\"ListItem\",\"position\":2,\"name\":\"Hacienda Juan Ancho. Lora del R\u00edo\"}]},{\"@type\":\"WebSite\",\"@id\":\"https:\/\/proyectojardin.es\/#website\",\"url\":\"https:\/\/proyectojardin.es\/\",\"name\":\"Proyecto Jard\u00edn\",\"description\":\"Dise\u00f1o y construcci\u00f3n de espacios verdes. Especialidad en jardines mediterr\u00e1neos de bajo consumo en agua y escaso mantenimiento.\",\"publisher\":{\"@id\":\"https:\/\/proyectojardin.es\/#\/schema\/person\/6c4a01b17e7cab0eb8d27bd45ca3dfc1\"},\"potentialAction\":[{\"@type\":\"SearchAction\",\"target\":{\"@type\":\"EntryPoint\",\"urlTemplate\":\"https:\/\/proyectojardin.es\/?s={search_term_string}\"},\"query-input\":\"required name=search_term_string\"}],\"inLanguage\":\"es\"},{\"@type\":[\"Person\",\"Organization\"],\"@id\":\"https:\/\/proyectojardin.es\/#\/schema\/person\/6c4a01b17e7cab0eb8d27bd45ca3dfc1\",\"name\":\"migueldiazmorant@gmail.com\",\"image\":{\"@type\":\"ImageObject\",\"inLanguage\":\"es\",\"@id\":\"https:\/\/proyectojardin.es\/#\/schema\/person\/image\/\",\"url\":\"http:\/\/proyectojardin.es\/wp-content\/uploads\/2023\/03\/cropped-logo.png\",\"contentUrl\":\"http:\/\/proyectojardin.es\/wp-content\/uploads\/2023\/03\/cropped-logo.png\",\"width\":500,\"height\":187,\"caption\":\"migueldiazmorant@gmail.com\"},\"logo\":{\"@id\":\"https:\/\/proyectojardin.es\/#\/schema\/person\/image\/\"},\"description\":\"Paisajista con larga experiencia en dise\u00f1o de jardines con localizaciones en distintos \u00e1mbitos climatol\u00f3gicos, con destacado conocimiento en plantas aut\u00f3ctonas mediterr\u00e1neas y bajo consumo en agua.\",\"sameAs\":[\"http:\/\/proyectojardin.es\"]}]}<\/script>\n<!-- \/ Yoast SEO plugin. -->","yoast_head_json":{"title":"Hacienda Juan Ancho. Lora del R\u00edo - Estudio de Paisajismo","robots":{"index":"index","follow":"follow","max-snippet":"max-snippet:-1","max-image-preview":"max-image-preview:large","max-video-preview":"max-video-preview:-1"},"canonical":"https:\/\/proyectojardin.es\/index.php\/hacienda-juan-ancho-lora-del-rio\/","og_locale":"es_ES","og_type":"article","og_title":"Hacienda Juan Ancho. Lora del R\u00edo - Estudio de Paisajismo","og_description":"Hacienda Juan Ancho. Lora del R\u00edo Esta finca situada en Lora del R\u00edo, dedicada a la cr\u00eda de toros bravos, alberga una gran dehesa de encinas y matorral mediterr\u00e1neo de gran valor medioambiental. En la finca se restauraron caminos y plantaron encinas y chopos. En las proximidades de la vivienda principal y la de los&hellip;&nbsp;Leer m\u00e1s &raquo;Hacienda Juan Ancho. Lora del R\u00edo","og_url":"https:\/\/proyectojardin.es\/index.php\/hacienda-juan-ancho-lora-del-rio\/","og_site_name":"Estudio de Paisajismo","article_modified_time":"2023-05-07T09:39:43+00:00","twitter_card":"summary_large_image","twitter_misc":{"Tiempo de lectura":"1 minuto"},"schema":{"@context":"https:\/\/schema.org","@graph":[{"@type":"WebPage","@id":"https:\/\/proyectojardin.es\/index.php\/hacienda-juan-ancho-lora-del-rio\/","url":"https:\/\/proyectojardin.es\/index.php\/hacienda-juan-ancho-lora-del-rio\/","name":"Hacienda Juan Ancho. Lora del R\u00edo - Estudio de Paisajismo","isPartOf":{"@id":"https:\/\/proyectojardin.es\/#website"},"datePublished":"2023-04-10T19:06:51+00:00","dateModified":"2023-05-07T09:39:43+00:00","breadcrumb":{"@id":"https:\/\/proyectojardin.es\/index.php\/hacienda-juan-ancho-lora-del-rio\/#breadcrumb"},"inLanguage":"es","potentialAction":[{"@type":"ReadAction","target":["https:\/\/proyectojardin.es\/index.php\/hacienda-juan-ancho-lora-del-rio\/"]}]},{"@type":"BreadcrumbList","@id":"https:\/\/proyectojardin.es\/index.php\/hacienda-juan-ancho-lora-del-rio\/#breadcrumb","itemListElement":[{"@type":"ListItem","position":1,"name":"Portada","item":"https:\/\/proyectojardin.es\/"},{"@type":"ListItem","position":2,"name":"Hacienda Juan Ancho. Lora del R\u00edo"}]},{"@type":"WebSite","@id":"https:\/\/proyectojardin.es\/#website","url":"https:\/\/proyectojardin.es\/","name":"Proyecto Jard\u00edn","description":"Dise\u00f1o y construcci\u00f3n de espacios verdes. Especialidad en jardines mediterr\u00e1neos de bajo consumo en agua y escaso mantenimiento.","publisher":{"@id":"https:\/\/proyectojardin.es\/#\/schema\/person\/6c4a01b17e7cab0eb8d27bd45ca3dfc1"},"potentialAction":[{"@type":"SearchAction","target":{"@type":"EntryPoint","urlTemplate":"https:\/\/proyectojardin.es\/?s={search_term_string}"},"query-input":"required name=search_term_string"}],"inLanguage":"es"},{"@type":["Person","Organization"],"@id":"https:\/\/proyectojardin.es\/#\/schema\/person\/6c4a01b17e7cab0eb8d27bd45ca3dfc1","name":"migueldiazmorant@gmail.com","image":{"@type":"ImageObject","inLanguage":"es","@id":"https:\/\/proyectojardin.es\/#\/schema\/person\/image\/","url":"http:\/\/proyectojardin.es\/wp-content\/uploads\/2023\/03\/cropped-logo.png","contentUrl":"http:\/\/proyectojardin.es\/wp-content\/uploads\/2023\/03\/cropped-logo.png","width":500,"height":187,"caption":"migueldiazmorant@gmail.com"},"logo":{"@id":"https:\/\/proyectojardin.es\/#\/schema\/person\/image\/"},"description":"Paisajista con larga experiencia en dise\u00f1o de jardines con localizaciones en distintos \u00e1mbitos climatol\u00f3gicos, con destacado conocimiento en plantas aut\u00f3ctonas mediterr\u00e1neas y bajo consumo en agua.","sameAs":["http:\/\/proyectojardin.es"]}]}},"featured_media_urls":[],"_links":{"self":[{"href":"https:\/\/proyectojardin.es\/index.php\/wp-json\/wp\/v2\/pages\/7704"}],"collection":[{"href":"https:\/\/proyectojardin.es\/index.php\/wp-json\/wp\/v2\/pages"}],"about":[{"href":"https:\/\/proyectojardin.es\/index.php\/wp-json\/wp\/v2\/types\/page"}],"author":[{"embeddable":true,"href":"https:\/\/proyectojardin.es\/index.php\/wp-json\/wp\/v2\/users\/1"}],"replies":[{"embeddable":true,"href":"https:\/\/proyectojardin.es\/index.php\/wp-json\/wp\/v2\/comments?post=7704"}],"version-history":[{"count":13,"href":"https:\/\/proyectojardin.es\/index.php\/wp-json\/wp\/v2\/pages\/7704\/revisions"}],"predecessor-version":[{"id":8597,"href":"https:\/\/proyectojardin.es\/index.php\/wp-json\/wp\/v2\/pages\/7704\/revisions\/8597"}],"wp:attachment":[{"href":"https:\/\/proyectojardin.es\/index.php\/wp-json\/wp\/v2\/media?parent=7704"}],"curies":[{"name":"wp","href":"https:\/\/api.w.org\/{rel}","templated":true}]}}