{"id":7108,"date":"2023-04-01T13:32:33","date_gmt":"2023-04-01T12:32:33","guid":{"rendered":"https:\/\/proyectojardin.es\/?page_id=7108"},"modified":"2023-05-12T15:45:06","modified_gmt":"2023-05-12T14:45:06","slug":"contacto","status":"publish","type":"page","link":"https:\/\/proyectojardin.es\/index.php\/contacto\/","title":{"rendered":"Contacto con Estudio de Paisajismo"},"content":{"rendered":"\t\t<div data-elementor-type=\"wp-page\" data-elementor-id=\"7108\" class=\"elementor elementor-7108\">\n\t\t\t\t\t\t\t\t\t<section class=\"elementor-section elementor-top-section elementor-element elementor-element-3f5d1fe elementor-section-boxed elementor-section-height-default elementor-section-height-default\" data-id=\"3f5d1fe\" data-element_type=\"section\">\n\t\t\t\t\t\t<div class=\"elementor-container elementor-column-gap-default\">\n\t\t\t\t\t<div class=\"elementor-column elementor-col-100 elementor-top-column elementor-element elementor-element-9341e4d\" data-id=\"9341e4d\" data-element_type=\"column\">\n\t\t\t<div class=\"elementor-widget-wrap elementor-element-populated\">\n\t\t\t\t\t\t\t\t<div class=\"elementor-element elementor-element-13d1e1e elementor-widget elementor-widget-heading\" data-id=\"13d1e1e\" data-element_type=\"widget\" data-widget_type=\"heading.default\">\n\t\t\t\t<div class=\"elementor-widget-container\">\n\t\t\t<style>\/*! elementor - v3.11.5 - 14-03-2023 *\/\n.elementor-heading-title{padding:0;margin:0;line-height:1}.elementor-widget-heading .elementor-heading-title[class*=elementor-size-]>a{color:inherit;font-size:inherit;line-height:inherit}.elementor-widget-heading .elementor-heading-title.elementor-size-small{font-size:15px}.elementor-widget-heading .elementor-heading-title.elementor-size-medium{font-size:19px}.elementor-widget-heading .elementor-heading-title.elementor-size-large{font-size:29px}.elementor-widget-heading .elementor-heading-title.elementor-size-xl{font-size:39px}.elementor-widget-heading .elementor-heading-title.elementor-size-xxl{font-size:59px}<\/style><h2 class=\"elementor-heading-title elementor-size-default\">Contacto con Estudio de Paisajismo<\/h2>\t\t<\/div>\n\t\t\t\t<\/div>\n\t\t\t\t\t<\/div>\n\t\t<\/div>\n\t\t\t\t\t\t\t<\/div>\n\t\t<\/section>\n\t\t\t\t<section class=\"elementor-section elementor-top-section elementor-element elementor-element-947adcb elementor-section-boxed elementor-section-height-default elementor-section-height-default\" data-id=\"947adcb\" data-element_type=\"section\">\n\t\t\t\t\t\t<div class=\"elementor-container elementor-column-gap-default\">\n\t\t\t\t\t<div class=\"elementor-column elementor-col-50 elementor-top-column elementor-element elementor-element-8c2b5e9\" data-id=\"8c2b5e9\" data-element_type=\"column\">\n\t\t\t<div class=\"elementor-widget-wrap elementor-element-populated\">\n\t\t\t\t\t\t\t\t<div class=\"elementor-element elementor-element-c1b4e06 elementor-view-default elementor-vertical-align-top elementor-widget elementor-widget-icon-box\" data-id=\"c1b4e06\" data-element_type=\"widget\" data-widget_type=\"icon-box.default\">\n\t\t\t\t<div class=\"elementor-widget-container\">\n\t\t\t<link rel=\"stylesheet\" href=\"https:\/\/proyectojardin.es\/wp-content\/plugins\/elementor\/assets\/css\/widget-icon-box.min.css\">\t\t<div class=\"elementor-icon-box-wrapper\">\n\t\t\t\t\t\t<div class=\"elementor-icon-box-content\">\n\t\t\t\t<h3 class=\"elementor-icon-box-title\">\n\t\t\t\t\t<a href=\"mailto:MiguelDiazMorant@gmail.com\" target=\"_blank\" >\n\t\t\t\t\t\tMiguelDiazMorant@gmail.com\t\t\t\t\t<\/a>\n\t\t\t\t<\/h3>\n\t\t\t\t\t\t\t<\/div>\n\t\t<\/div>\n\t\t\t\t<\/div>\n\t\t\t\t<\/div>\n\t\t\t\t\t<\/div>\n\t\t<\/div>\n\t\t\t\t<div class=\"elementor-column elementor-col-50 elementor-top-column elementor-element elementor-element-453deba\" data-id=\"453deba\" data-element_type=\"column\">\n\t\t\t<div class=\"elementor-widget-wrap elementor-element-populated\">\n\t\t\t\t\t\t\t\t<div class=\"elementor-element elementor-element-502c246 elementor-view-default elementor-vertical-align-top elementor-widget elementor-widget-icon-box\" data-id=\"502c246\" data-element_type=\"widget\" data-widget_type=\"icon-box.default\">\n\t\t\t\t<div class=\"elementor-widget-container\">\n\t\t\t\t\t<div class=\"elementor-icon-box-wrapper\">\n\t\t\t\t\t\t<div class=\"elementor-icon-box-content\">\n\t\t\t\t<h3 class=\"elementor-icon-box-title\">\n\t\t\t\t\t<a href=\"https:\/\/wa.me\/34680640774\" target=\"_blank\" >\n\t\t\t\t\t\t(34) 680 640 774\t\t\t\t\t<\/a>\n\t\t\t\t<\/h3>\n\t\t\t\t\t\t\t<\/div>\n\t\t<\/div>\n\t\t\t\t<\/div>\n\t\t\t\t<\/div>\n\t\t\t\t\t<\/div>\n\t\t<\/div>\n\t\t\t\t\t\t\t<\/div>\n\t\t<\/section>\n\t\t\t\t<section class=\"elementor-section elementor-top-section elementor-element elementor-element-21864e4 elementor-section-boxed elementor-section-height-default elementor-section-height-default\" data-id=\"21864e4\" data-element_type=\"section\">\n\t\t\t\t\t\t<div class=\"elementor-container elementor-column-gap-default\">\n\t\t\t\t\t<div class=\"elementor-column elementor-col-33 elementor-top-column elementor-element elementor-element-3ead3d5\" data-id=\"3ead3d5\" data-element_type=\"column\" data-settings=\"{&quot;background_background&quot;:&quot;classic&quot;}\">\n\t\t\t<div class=\"elementor-widget-wrap elementor-element-populated\">\n\t\t\t\t\t\t\t\t<div class=\"elementor-element elementor-element-5286680 elementor-view-default elementor-vertical-align-top elementor-widget elementor-widget-icon-box\" data-id=\"5286680\" data-element_type=\"widget\" data-widget_type=\"icon-box.default\">\n\t\t\t\t<div class=\"elementor-widget-container\">\n\t\t\t\t\t<div class=\"elementor-icon-box-wrapper\">\n\t\t\t\t\t\t<div class=\"elementor-icon-box-content\">\n\t\t\t\t<h3 class=\"elementor-icon-box-title\">\n\t\t\t\t\t<span  >\n\t\t\t\t\t\tHUELVA\t\t\t\t\t<\/span>\n\t\t\t\t<\/h3>\n\t\t\t\t\t\t\t\t\t<p class=\"elementor-icon-box-description\">\n\t\t\t\t\t\tAvda. Playas de Cartaya 45\u00a0<BR>21459 - El Rompido\u00a0<br>Cartaya\t\t\t\t\t<\/p>\n\t\t\t\t\t\t\t<\/div>\n\t\t<\/div>\n\t\t\t\t<\/div>\n\t\t\t\t<\/div>\n\t\t\t\t\t<\/div>\n\t\t<\/div>\n\t\t\t\t<div class=\"elementor-column elementor-col-33 elementor-top-column elementor-element elementor-element-dd9d1c2\" data-id=\"dd9d1c2\" data-element_type=\"column\" data-settings=\"{&quot;background_background&quot;:&quot;classic&quot;}\">\n\t\t\t<div class=\"elementor-widget-wrap elementor-element-populated\">\n\t\t\t\t\t\t\t\t<div class=\"elementor-element elementor-element-285be0e elementor-view-default elementor-vertical-align-top elementor-widget elementor-widget-icon-box\" data-id=\"285be0e\" data-element_type=\"widget\" data-widget_type=\"icon-box.default\">\n\t\t\t\t<div class=\"elementor-widget-container\">\n\t\t\t\t\t<div class=\"elementor-icon-box-wrapper\">\n\t\t\t\t\t\t<div class=\"elementor-icon-box-content\">\n\t\t\t\t<h3 class=\"elementor-icon-box-title\">\n\t\t\t\t\t<span  >\n\t\t\t\t\t\tM\u00c1LAGA\t\t\t\t\t<\/span>\n\t\t\t\t<\/h3>\n\t\t\t\t\t\t\t\t\t<p class=\"elementor-icon-box-description\">\n\t\t\t\t\t\tCalle del Moral 2<br>29460 - Alpandeire <br>Serran\u00eda de Ronda\t\t\t\t\t<\/p>\n\t\t\t\t\t\t\t<\/div>\n\t\t<\/div>\n\t\t\t\t<\/div>\n\t\t\t\t<\/div>\n\t\t\t\t\t<\/div>\n\t\t<\/div>\n\t\t\t\t<div class=\"elementor-column elementor-col-33 elementor-top-column elementor-element elementor-element-fb72c8b\" data-id=\"fb72c8b\" data-element_type=\"column\" data-settings=\"{&quot;background_background&quot;:&quot;classic&quot;}\">\n\t\t\t<div class=\"elementor-widget-wrap elementor-element-populated\">\n\t\t\t\t\t\t\t\t<div class=\"elementor-element elementor-element-12d8af3 elementor-view-default elementor-vertical-align-top elementor-widget elementor-widget-icon-box\" data-id=\"12d8af3\" data-element_type=\"widget\" data-widget_type=\"icon-box.default\">\n\t\t\t\t<div class=\"elementor-widget-container\">\n\t\t\t\t\t<div class=\"elementor-icon-box-wrapper\">\n\t\t\t\t\t\t<div class=\"elementor-icon-box-content\">\n\t\t\t\t<h3 class=\"elementor-icon-box-title\">\n\t\t\t\t\t<span  >\n\t\t\t\t\t\tSEVILLA\t\t\t\t\t<\/span>\n\t\t\t\t<\/h3>\n\t\t\t\t\t\t\t\t\t<p class=\"elementor-icon-box-description\">\n\t\t\t\t\t\tCalle Olivares 5,  1\u00baA\n<br>41010 - Triana<br>Sevilla\t\t\t\t\t<\/p>\n\t\t\t\t\t\t\t<\/div>\n\t\t<\/div>\n\t\t\t\t<\/div>\n\t\t\t\t<\/div>\n\t\t\t\t\t<\/div>\n\t\t<\/div>\n\t\t\t\t\t\t\t<\/div>\n\t\t<\/section>\n\t\t\t\t<section class=\"elementor-section elementor-top-section elementor-element elementor-element-9813edc elementor-section-boxed elementor-section-height-default elementor-section-height-default\" data-id=\"9813edc\" data-element_type=\"section\">\n\t\t\t\t\t\t<div class=\"elementor-container elementor-column-gap-default\">\n\t\t\t\t\t<div class=\"elementor-column elementor-col-100 elementor-top-column elementor-element elementor-element-0a62ddd\" data-id=\"0a62ddd\" data-element_type=\"column\">\n\t\t\t<div class=\"elementor-widget-wrap elementor-element-populated\">\n\t\t\t\t\t\t\t\t<div class=\"elementor-element elementor-element-f449e9c elementor-widget elementor-widget-text-editor\" data-id=\"f449e9c\" data-element_type=\"widget\" data-widget_type=\"text-editor.default\">\n\t\t\t\t<div class=\"elementor-widget-container\">\n\t\t\t<style>\/*! elementor - v3.11.5 - 14-03-2023 *\/\n.elementor-widget-text-editor.elementor-drop-cap-view-stacked .elementor-drop-cap{background-color:#818a91;color:#fff}.elementor-widget-text-editor.elementor-drop-cap-view-framed .elementor-drop-cap{color:#818a91;border:3px solid;background-color:transparent}.elementor-widget-text-editor:not(.elementor-drop-cap-view-default) .elementor-drop-cap{margin-top:8px}.elementor-widget-text-editor:not(.elementor-drop-cap-view-default) .elementor-drop-cap-letter{width:1em;height:1em}.elementor-widget-text-editor .elementor-drop-cap{float:left;text-align:center;line-height:1;font-size:50px}.elementor-widget-text-editor .elementor-drop-cap-letter{display:inline-block}<\/style>\t\t\t\t<p>No hay l\u00edmites en cuanto al \u00e1mbito geogr\u00e1fico para realizar mis proyectos o asesor\u00eda, s\u00f3lo consulte -There are no limits in terms of geographical scope to carry out my projects or advice, just call.<\/p>\t\t\t\t\t\t<\/div>\n\t\t\t\t<\/div>\n\t\t\t\t\t<\/div>\n\t\t<\/div>\n\t\t\t\t\t\t\t<\/div>\n\t\t<\/section>\n\t\t\t\t<section class=\"elementor-section elementor-top-section elementor-element elementor-element-a13bbb0 elementor-section-full_width elementor-section-height-default elementor-section-height-default\" data-id=\"a13bbb0\" data-element_type=\"section\">\n\t\t\t\t\t\t<div class=\"elementor-container elementor-column-gap-default\">\n\t\t\t\t\t<div class=\"elementor-column elementor-col-100 elementor-top-column elementor-element elementor-element-1c9a0ba\" data-id=\"1c9a0ba\" data-element_type=\"column\" data-settings=\"{&quot;background_background&quot;:&quot;slideshow&quot;,&quot;background_slideshow_gallery&quot;:[{&quot;id&quot;:8757,&quot;url&quot;:&quot;http:\\\/\\\/proyectojardin.es\\\/wp-content\\\/uploads\\\/2023\\\/05\\\/miguel-diaz.jpg&quot;}],&quot;background_slideshow_loop&quot;:&quot;yes&quot;,&quot;background_slideshow_slide_duration&quot;:5000,&quot;background_slideshow_slide_transition&quot;:&quot;fade&quot;,&quot;background_slideshow_transition_duration&quot;:500}\">\n\t\t\t<div class=\"elementor-widget-wrap elementor-element-populated\">\n\t\t\t\t\t\t\t\t<section class=\"elementor-section elementor-inner-section elementor-element elementor-element-2597e04 elementor-section-boxed elementor-section-height-default elementor-section-height-default\" data-id=\"2597e04\" data-element_type=\"section\">\n\t\t\t\t\t\t<div class=\"elementor-container elementor-column-gap-default\">\n\t\t\t\t\t<div class=\"elementor-column elementor-col-50 elementor-inner-column elementor-element elementor-element-c7cbf50\" data-id=\"c7cbf50\" data-element_type=\"column\">\n\t\t\t<div class=\"elementor-widget-wrap\">\n\t\t\t\t\t\t\t\t\t<\/div>\n\t\t<\/div>\n\t\t\t\t<div class=\"elementor-column elementor-col-50 elementor-inner-column elementor-element elementor-element-a01e954\" data-id=\"a01e954\" data-element_type=\"column\">\n\t\t\t<div class=\"elementor-widget-wrap elementor-element-populated\">\n\t\t\t\t\t\t\t\t<div class=\"elementor-element elementor-element-38da35a elementor-widget elementor-widget-heading\" data-id=\"38da35a\" data-element_type=\"widget\" data-widget_type=\"heading.default\">\n\t\t\t\t<div class=\"elementor-widget-container\">\n\t\t\t<h2 class=\"elementor-heading-title elementor-size-default\">Estudio de paisajismo<br>\nLandscaping Studio<\/h2>\t\t<\/div>\n\t\t\t\t<\/div>\n\t\t\t\t<div class=\"elementor-element elementor-element-4e8125e elementor-align-center elementor-widget elementor-widget-button\" data-id=\"4e8125e\" data-element_type=\"widget\" data-widget_type=\"button.default\">\n\t\t\t\t<div class=\"elementor-widget-container\">\n\t\t\t\t\t<div class=\"elementor-button-wrapper\">\n\t\t\t<a href=\"https:\/\/www.jardinesdesevilla.com\/\" class=\"elementor-button-link elementor-button elementor-size-sm\" role=\"button\">\n\t\t\t\t\t\t<span class=\"elementor-button-content-wrapper\">\n\t\t\t\t\t\t<span class=\"elementor-button-text\">Vis\u00edtanos tambi\u00e9n en<br>www.JardinesDeSevilla.com<\/span>\n\t\t<\/span>\n\t\t\t\t\t<\/a>\n\t\t<\/div>\n\t\t\t\t<\/div>\n\t\t\t\t<\/div>\n\t\t\t\t\t<\/div>\n\t\t<\/div>\n\t\t\t\t\t\t\t<\/div>\n\t\t<\/section>\n\t\t\t\t\t<\/div>\n\t\t<\/div>\n\t\t\t\t\t\t\t<\/div>\n\t\t<\/section>\n\t\t\t\t\t\t\t<\/div>\n\t\t","protected":false},"excerpt":{"rendered":"<p>Contacto con Estudio de Paisajismo MiguelDiazMorant@gmail.com (34) 680 640 774 HUELVA Avda. Playas de Cartaya 45\u00a021459 &#8211; El Rompido\u00a0Cartaya M\u00c1LAGA Calle del Moral 229460 &#8211; Alpandeire Serran\u00eda de Ronda SEVILLA Calle Olivares 5, 1\u00baA 41010 &#8211; TrianaSevilla No hay l\u00edmites en cuanto al \u00e1mbito geogr\u00e1fico para realizar mis proyectos o asesor\u00eda, s\u00f3lo consulte -There are&hellip;&nbsp;<a href=\"https:\/\/proyectojardin.es\/index.php\/contacto\/\" class=\"\" rel=\"bookmark\">Leer m\u00e1s &raquo;<span class=\"screen-reader-text\">Contacto con Estudio de Paisajismo<\/span><\/a><\/p>\n","protected":false},"author":1,"featured_media":0,"parent":0,"menu_order":0,"comment_status":"closed","ping_status":"closed","template":"page-templates\/template-pagebuilder-full-width.php","meta":{"_mi_skip_tracking":false,"neve_meta_sidebar":"","neve_meta_container":"","neve_meta_enable_content_width":"","neve_meta_content_width":0,"neve_meta_title_alignment":"","neve_meta_author_avatar":"","neve_post_elements_order":"","neve_meta_disable_header":"","neve_meta_disable_footer":"","neve_meta_disable_title":"","_joinchat":[]},"yoast_head":"<!-- This site is optimized with the Yoast SEO plugin v20.6 - https:\/\/yoast.com\/wordpress\/plugins\/seo\/ -->\n<title>Contacto con Estudio de Paisajismo - Estudio de Paisajismo<\/title>\n<meta name=\"robots\" content=\"index, follow, max-snippet:-1, max-image-preview:large, max-video-preview:-1\" \/>\n<link rel=\"canonical\" href=\"https:\/\/proyectojardin.es\/index.php\/contacto\/\" \/>\n<meta property=\"og:locale\" content=\"es_ES\" \/>\n<meta property=\"og:type\" content=\"article\" \/>\n<meta property=\"og:title\" content=\"Contacto con Estudio de Paisajismo - Estudio de Paisajismo\" \/>\n<meta property=\"og:description\" content=\"Contacto con Estudio de Paisajismo MiguelDiazMorant@gmail.com (34) 680 640 774 HUELVA Avda. Playas de Cartaya 45\u00a021459 &#8211; El Rompido\u00a0Cartaya M\u00c1LAGA Calle del Moral 229460 &#8211; Alpandeire Serran\u00eda de Ronda SEVILLA Calle Olivares 5, 1\u00baA 41010 &#8211; TrianaSevilla No hay l\u00edmites en cuanto al \u00e1mbito geogr\u00e1fico para realizar mis proyectos o asesor\u00eda, s\u00f3lo consulte -There are&hellip;&nbsp;Leer m\u00e1s &raquo;Contacto con Estudio de Paisajismo\" \/>\n<meta property=\"og:url\" content=\"https:\/\/proyectojardin.es\/index.php\/contacto\/\" \/>\n<meta property=\"og:site_name\" content=\"Estudio de Paisajismo\" \/>\n<meta property=\"article:modified_time\" content=\"2023-05-12T14:45:06+00:00\" \/>\n<meta name=\"twitter:card\" content=\"summary_large_image\" \/>\n<meta name=\"twitter:label1\" content=\"Tiempo de lectura\" \/>\n\t<meta name=\"twitter:data1\" content=\"1 minuto\" \/>\n<script type=\"application\/ld+json\" class=\"yoast-schema-graph\">{\"@context\":\"https:\/\/schema.org\",\"@graph\":[{\"@type\":\"WebPage\",\"@id\":\"https:\/\/proyectojardin.es\/index.php\/contacto\/\",\"url\":\"https:\/\/proyectojardin.es\/index.php\/contacto\/\",\"name\":\"Contacto con Estudio de Paisajismo - Estudio de Paisajismo\",\"isPartOf\":{\"@id\":\"https:\/\/proyectojardin.es\/#website\"},\"datePublished\":\"2023-04-01T12:32:33+00:00\",\"dateModified\":\"2023-05-12T14:45:06+00:00\",\"breadcrumb\":{\"@id\":\"https:\/\/proyectojardin.es\/index.php\/contacto\/#breadcrumb\"},\"inLanguage\":\"es\",\"potentialAction\":[{\"@type\":\"ReadAction\",\"target\":[\"https:\/\/proyectojardin.es\/index.php\/contacto\/\"]}]},{\"@type\":\"BreadcrumbList\",\"@id\":\"https:\/\/proyectojardin.es\/index.php\/contacto\/#breadcrumb\",\"itemListElement\":[{\"@type\":\"ListItem\",\"position\":1,\"name\":\"Portada\",\"item\":\"https:\/\/proyectojardin.es\/\"},{\"@type\":\"ListItem\",\"position\":2,\"name\":\"Contacto con Estudio de Paisajismo\"}]},{\"@type\":\"WebSite\",\"@id\":\"https:\/\/proyectojardin.es\/#website\",\"url\":\"https:\/\/proyectojardin.es\/\",\"name\":\"Proyecto Jard\u00edn\",\"description\":\"Dise\u00f1o y construcci\u00f3n de espacios verdes. Especialidad en jardines mediterr\u00e1neos de bajo consumo en agua y escaso mantenimiento.\",\"publisher\":{\"@id\":\"https:\/\/proyectojardin.es\/#\/schema\/person\/6c4a01b17e7cab0eb8d27bd45ca3dfc1\"},\"potentialAction\":[{\"@type\":\"SearchAction\",\"target\":{\"@type\":\"EntryPoint\",\"urlTemplate\":\"https:\/\/proyectojardin.es\/?s={search_term_string}\"},\"query-input\":\"required name=search_term_string\"}],\"inLanguage\":\"es\"},{\"@type\":[\"Person\",\"Organization\"],\"@id\":\"https:\/\/proyectojardin.es\/#\/schema\/person\/6c4a01b17e7cab0eb8d27bd45ca3dfc1\",\"name\":\"migueldiazmorant@gmail.com\",\"image\":{\"@type\":\"ImageObject\",\"inLanguage\":\"es\",\"@id\":\"https:\/\/proyectojardin.es\/#\/schema\/person\/image\/\",\"url\":\"http:\/\/proyectojardin.es\/wp-content\/uploads\/2023\/03\/cropped-logo.png\",\"contentUrl\":\"http:\/\/proyectojardin.es\/wp-content\/uploads\/2023\/03\/cropped-logo.png\",\"width\":500,\"height\":187,\"caption\":\"migueldiazmorant@gmail.com\"},\"logo\":{\"@id\":\"https:\/\/proyectojardin.es\/#\/schema\/person\/image\/\"},\"description\":\"Paisajista con larga experiencia en dise\u00f1o de jardines con localizaciones en distintos \u00e1mbitos climatol\u00f3gicos, con destacado conocimiento en plantas aut\u00f3ctonas mediterr\u00e1neas y bajo consumo en agua.\",\"sameAs\":[\"http:\/\/proyectojardin.es\"]}]}<\/script>\n<!-- \/ Yoast SEO plugin. -->","yoast_head_json":{"title":"Contacto con Estudio de Paisajismo - Estudio de Paisajismo","robots":{"index":"index","follow":"follow","max-snippet":"max-snippet:-1","max-image-preview":"max-image-preview:large","max-video-preview":"max-video-preview:-1"},"canonical":"https:\/\/proyectojardin.es\/index.php\/contacto\/","og_locale":"es_ES","og_type":"article","og_title":"Contacto con Estudio de Paisajismo - Estudio de Paisajismo","og_description":"Contacto con Estudio de Paisajismo MiguelDiazMorant@gmail.com (34) 680 640 774 HUELVA Avda. Playas de Cartaya 45\u00a021459 &#8211; El Rompido\u00a0Cartaya M\u00c1LAGA Calle del Moral 229460 &#8211; Alpandeire Serran\u00eda de Ronda SEVILLA Calle Olivares 5, 1\u00baA 41010 &#8211; TrianaSevilla No hay l\u00edmites en cuanto al \u00e1mbito geogr\u00e1fico para realizar mis proyectos o asesor\u00eda, s\u00f3lo consulte -There are&hellip;&nbsp;Leer m\u00e1s &raquo;Contacto con Estudio de Paisajismo","og_url":"https:\/\/proyectojardin.es\/index.php\/contacto\/","og_site_name":"Estudio de Paisajismo","article_modified_time":"2023-05-12T14:45:06+00:00","twitter_card":"summary_large_image","twitter_misc":{"Tiempo de lectura":"1 minuto"},"schema":{"@context":"https:\/\/schema.org","@graph":[{"@type":"WebPage","@id":"https:\/\/proyectojardin.es\/index.php\/contacto\/","url":"https:\/\/proyectojardin.es\/index.php\/contacto\/","name":"Contacto con Estudio de Paisajismo - Estudio de Paisajismo","isPartOf":{"@id":"https:\/\/proyectojardin.es\/#website"},"datePublished":"2023-04-01T12:32:33+00:00","dateModified":"2023-05-12T14:45:06+00:00","breadcrumb":{"@id":"https:\/\/proyectojardin.es\/index.php\/contacto\/#breadcrumb"},"inLanguage":"es","potentialAction":[{"@type":"ReadAction","target":["https:\/\/proyectojardin.es\/index.php\/contacto\/"]}]},{"@type":"BreadcrumbList","@id":"https:\/\/proyectojardin.es\/index.php\/contacto\/#breadcrumb","itemListElement":[{"@type":"ListItem","position":1,"name":"Portada","item":"https:\/\/proyectojardin.es\/"},{"@type":"ListItem","position":2,"name":"Contacto con Estudio de Paisajismo"}]},{"@type":"WebSite","@id":"https:\/\/proyectojardin.es\/#website","url":"https:\/\/proyectojardin.es\/","name":"Proyecto Jard\u00edn","description":"Dise\u00f1o y construcci\u00f3n de espacios verdes. Especialidad en jardines mediterr\u00e1neos de bajo consumo en agua y escaso mantenimiento.","publisher":{"@id":"https:\/\/proyectojardin.es\/#\/schema\/person\/6c4a01b17e7cab0eb8d27bd45ca3dfc1"},"potentialAction":[{"@type":"SearchAction","target":{"@type":"EntryPoint","urlTemplate":"https:\/\/proyectojardin.es\/?s={search_term_string}"},"query-input":"required name=search_term_string"}],"inLanguage":"es"},{"@type":["Person","Organization"],"@id":"https:\/\/proyectojardin.es\/#\/schema\/person\/6c4a01b17e7cab0eb8d27bd45ca3dfc1","name":"migueldiazmorant@gmail.com","image":{"@type":"ImageObject","inLanguage":"es","@id":"https:\/\/proyectojardin.es\/#\/schema\/person\/image\/","url":"http:\/\/proyectojardin.es\/wp-content\/uploads\/2023\/03\/cropped-logo.png","contentUrl":"http:\/\/proyectojardin.es\/wp-content\/uploads\/2023\/03\/cropped-logo.png","width":500,"height":187,"caption":"migueldiazmorant@gmail.com"},"logo":{"@id":"https:\/\/proyectojardin.es\/#\/schema\/person\/image\/"},"description":"Paisajista con larga experiencia en dise\u00f1o de jardines con localizaciones en distintos \u00e1mbitos climatol\u00f3gicos, con destacado conocimiento en plantas aut\u00f3ctonas mediterr\u00e1neas y bajo consumo en agua.","sameAs":["http:\/\/proyectojardin.es"]}]}},"featured_media_urls":[],"_links":{"self":[{"href":"https:\/\/proyectojardin.es\/index.php\/wp-json\/wp\/v2\/pages\/7108"}],"collection":[{"href":"https:\/\/proyectojardin.es\/index.php\/wp-json\/wp\/v2\/pages"}],"about":[{"href":"https:\/\/proyectojardin.es\/index.php\/wp-json\/wp\/v2\/types\/page"}],"author":[{"embeddable":true,"href":"https:\/\/proyectojardin.es\/index.php\/wp-json\/wp\/v2\/users\/1"}],"replies":[{"embeddable":true,"href":"https:\/\/proyectojardin.es\/index.php\/wp-json\/wp\/v2\/comments?post=7108"}],"version-history":[{"count":143,"href":"https:\/\/proyectojardin.es\/index.php\/wp-json\/wp\/v2\/pages\/7108\/revisions"}],"predecessor-version":[{"id":8790,"href":"https:\/\/proyectojardin.es\/index.php\/wp-json\/wp\/v2\/pages\/7108\/revisions\/8790"}],"wp:attachment":[{"href":"https:\/\/proyectojardin.es\/index.php\/wp-json\/wp\/v2\/media?parent=7108"}],"curies":[{"name":"wp","href":"https:\/\/api.w.org\/{rel}","templated":true}]}}