{"id":6670,"date":"2023-03-20T11:13:10","date_gmt":"2021-03-09T14:34:09","guid":{"rendered":"https:\/\/proyectojardin.es\/index.php\/menu\/"},"modified":"2023-03-20T11:13:10","modified_gmt":"2021-03-09T14:34:09","slug":"menu","status":"publish","type":"page","link":"https:\/\/proyectojardin.es\/index.php\/menu\/","title":{"rendered":"Menu"},"content":{"rendered":"\n<figure class=\"wp-block-image alignfull size-large is-style-default\"><img decoding=\"async\" width=\"1024\" height=\"683\" src=\"https:\/\/ocdi.com\/wp-content\/uploads\/2021\/03\/demo-menu-header-scaled-1-1024x683.jpg\" alt=\"\" class=\"wp-image-2407\" srcset=\"https:\/\/proyectojardin.es\/wp-content\/uploads\/2021\/03\/demo-menu-header-scaled-1-1024x683.jpg 1024w, https:\/\/proyectojardin.es\/wp-content\/uploads\/2021\/03\/demo-menu-header-scaled-1-300x200.jpg 300w, https:\/\/proyectojardin.es\/wp-content\/uploads\/2021\/03\/demo-menu-header-scaled-1-768x512.jpg 768w, https:\/\/proyectojardin.es\/wp-content\/uploads\/2021\/03\/demo-menu-header-scaled-1-1536x1024.jpg 1536w, https:\/\/proyectojardin.es\/wp-content\/uploads\/2021\/03\/demo-menu-header-scaled-1-2048x1366.jpg 2048w, https:\/\/proyectojardin.es\/wp-content\/uploads\/2021\/03\/demo-menu-header-scaled-1-930x620.jpg 930w, https:\/\/proyectojardin.es\/wp-content\/uploads\/2021\/03\/demo-menu-header-scaled-1-600x400.jpg 600w\" sizes=\"(max-width: 1024px) 100vw, 1024px\" \/><\/figure>\n\n\n\n<div class=\"is-layout-flex wp-container-7 wp-block-columns\">\n<div class=\"is-layout-flow wp-block-column\">\n<div class=\"is-layout-flex wp-block-buttons is-content-justification-center\">\n<div class=\"wp-block-button\"><a class=\"wp-block-button__link\" rel=\"#lunch\">Lunch<\/a><\/div>\n<\/div>\n<\/div>\n\n\n\n<div class=\"is-layout-flow wp-block-column\">\n<div class=\"is-layout-flex wp-block-buttons is-content-justification-center\">\n<div class=\"wp-block-button\"><a class=\"wp-block-button__link\" rel=\"#dinner\">Dinner<\/a><\/div>\n<\/div>\n<\/div>\n\n\n\n<div class=\"is-layout-flow wp-block-column\">\n<div class=\"is-layout-flex wp-block-buttons is-content-justification-center\">\n<div class=\"wp-block-button\"><a class=\"wp-block-button__link\" rel=\"#dessert\">Dessert<\/a><\/div>\n<\/div>\n<\/div>\n<\/div>\n\n\n\n<hr class=\"wp-block-separator is-style-dots\"\/>\n\n\n\n<h2 class=\"has-text-align-center has-huge-font-size\" id=\"lunch\">Lunch<\/h2>\n\n\n\n<div class=\"is-layout-flex wp-container-10 wp-block-columns\">\n<div class=\"is-layout-flow wp-block-column\" style=\"flex-basis:33.33%\">\n<figure class=\"wp-block-image size-large is-style-default\"><img decoding=\"async\" width=\"1024\" height=\"768\" src=\"https:\/\/ocdi.com\/wp-content\/uploads\/2021\/03\/demo-gyoza-scaled-1-1024x768.jpg\" alt=\"\" class=\"wp-image-2411\" srcset=\"https:\/\/proyectojardin.es\/wp-content\/uploads\/2021\/03\/demo-gyoza-scaled-1-1024x768.jpg 1024w, https:\/\/proyectojardin.es\/wp-content\/uploads\/2021\/03\/demo-gyoza-scaled-1-300x225.jpg 300w, https:\/\/proyectojardin.es\/wp-content\/uploads\/2021\/03\/demo-gyoza-scaled-1-768x576.jpg 768w, https:\/\/proyectojardin.es\/wp-content\/uploads\/2021\/03\/demo-gyoza-scaled-1-1536x1152.jpg 1536w, https:\/\/proyectojardin.es\/wp-content\/uploads\/2021\/03\/demo-gyoza-scaled-1-2048x1536.jpg 2048w, https:\/\/proyectojardin.es\/wp-content\/uploads\/2021\/03\/demo-gyoza-scaled-1-600x450.jpg 600w\" sizes=\"(max-width: 1024px) 100vw, 1024px\" \/><\/figure>\n<\/div>\n\n\n\n<div class=\"is-layout-flow wp-block-column\" style=\"flex-basis:66.66%\">\n<h4>Chicken Gyoza<\/h4>\n\n\n\n<p class=\"has-extra-small-font-size\" style=\"line-height:1\">Japanese dumplings served with soy sauce.<br><em>Ingredients: Lorem, ipsum, dolor, sit, amet.<\/em><\/p>\n\n\n\n<p style=\"line-height:1\">$1<\/p>\n<\/div>\n<\/div>\n\n\n\n<div class=\"is-layout-flex wp-container-13 wp-block-columns\">\n<div class=\"is-layout-flow wp-block-column\" style=\"flex-basis:33.33%\">\n<figure class=\"wp-block-image size-large is-style-default\"><img decoding=\"async\" width=\"1024\" height=\"768\" src=\"https:\/\/ocdi.com\/wp-content\/uploads\/2021\/03\/demo-vegan-edited-scaled-1-1024x768.jpg\" alt=\"\" class=\"wp-image-2420\" srcset=\"https:\/\/proyectojardin.es\/wp-content\/uploads\/2021\/03\/demo-vegan-edited-scaled-1-1024x768.jpg 1024w, https:\/\/proyectojardin.es\/wp-content\/uploads\/2021\/03\/demo-vegan-edited-scaled-1-300x225.jpg 300w, https:\/\/proyectojardin.es\/wp-content\/uploads\/2021\/03\/demo-vegan-edited-scaled-1-768x576.jpg 768w, https:\/\/proyectojardin.es\/wp-content\/uploads\/2021\/03\/demo-vegan-edited-scaled-1-1536x1152.jpg 1536w, https:\/\/proyectojardin.es\/wp-content\/uploads\/2021\/03\/demo-vegan-edited-scaled-1-2048x1536.jpg 2048w, https:\/\/proyectojardin.es\/wp-content\/uploads\/2021\/03\/demo-vegan-edited-scaled-1-600x450.jpg 600w\" sizes=\"(max-width: 1024px) 100vw, 1024px\" \/><\/figure>\n<\/div>\n\n\n\n<div class=\"is-layout-flow wp-block-column\" style=\"flex-basis:66.66%\">\n<h4>Maki Plate<\/h4>\n\n\n\n<p class=\"has-extra-small-font-size\" style=\"line-height:1\">Carrot and avocado sushi plate. Suitable for vegans.<br><em>Ingredients: Lorem, ipsum, dolor, sit, amet.<\/em> <\/p>\n\n\n\n<p style=\"line-height:1\">$1<\/p>\n<\/div>\n<\/div>\n\n\n\n<div class=\"is-layout-flex wp-container-16 wp-block-columns\">\n<div class=\"is-layout-flow wp-block-column\" style=\"flex-basis:33.33%\">\n<figure class=\"wp-block-image size-large is-style-default\"><img decoding=\"async\" width=\"1024\" height=\"766\" src=\"https:\/\/ocdi.com\/wp-content\/uploads\/2021\/03\/demo-salmon-avocado-edited-scaled-1-1024x766.jpg\" alt=\"\" class=\"wp-image-2418\" srcset=\"https:\/\/proyectojardin.es\/wp-content\/uploads\/2021\/03\/demo-salmon-avocado-edited-scaled-1-1024x766.jpg 1024w, https:\/\/proyectojardin.es\/wp-content\/uploads\/2021\/03\/demo-salmon-avocado-edited-scaled-1-300x224.jpg 300w, https:\/\/proyectojardin.es\/wp-content\/uploads\/2021\/03\/demo-salmon-avocado-edited-scaled-1-768x575.jpg 768w, https:\/\/proyectojardin.es\/wp-content\/uploads\/2021\/03\/demo-salmon-avocado-edited-scaled-1-1536x1149.jpg 1536w, https:\/\/proyectojardin.es\/wp-content\/uploads\/2021\/03\/demo-salmon-avocado-edited-scaled-1-2048x1532.jpg 2048w, https:\/\/proyectojardin.es\/wp-content\/uploads\/2021\/03\/demo-salmon-avocado-edited-scaled-1-600x449.jpg 600w\" sizes=\"(max-width: 1024px) 100vw, 1024px\" \/><\/figure>\n<\/div>\n\n\n\n<div class=\"is-layout-flow wp-block-column\" style=\"flex-basis:66.66%\">\n<h4>Salmon &amp; Avocado Lunch Platter<\/h4>\n\n\n\n<p class=\"has-extra-small-font-size\" style=\"line-height:1\">Sushi plate. Available for take-out.<br><em>Ingredients: Lorem, ipsum, dolor, sit, amet.<\/em><\/p>\n\n\n\n<p style=\"line-height:1\">$1<\/p>\n<\/div>\n<\/div>\n\n\n\n<div class=\"is-layout-flex wp-container-19 wp-block-columns\">\n<div class=\"is-layout-flow wp-block-column\" style=\"flex-basis:33.33%\">\n<figure class=\"wp-block-image size-large is-style-default\"><img decoding=\"async\" width=\"1024\" height=\"764\" src=\"https:\/\/ocdi.com\/wp-content\/uploads\/2021\/03\/demo-lunch-edited-scaled-1-1024x764.jpg\" alt=\"\" class=\"wp-image-2419\" srcset=\"https:\/\/proyectojardin.es\/wp-content\/uploads\/2021\/03\/demo-lunch-edited-scaled-1-1024x764.jpg 1024w, https:\/\/proyectojardin.es\/wp-content\/uploads\/2021\/03\/demo-lunch-edited-scaled-1-300x224.jpg 300w, https:\/\/proyectojardin.es\/wp-content\/uploads\/2021\/03\/demo-lunch-edited-scaled-1-768x573.jpg 768w, https:\/\/proyectojardin.es\/wp-content\/uploads\/2021\/03\/demo-lunch-edited-scaled-1-1536x1147.jpg 1536w, https:\/\/proyectojardin.es\/wp-content\/uploads\/2021\/03\/demo-lunch-edited-scaled-1-2048x1529.jpg 2048w, https:\/\/proyectojardin.es\/wp-content\/uploads\/2021\/03\/demo-lunch-edited-scaled-1-600x448.jpg 600w\" sizes=\"(max-width: 1024px) 100vw, 1024px\" \/><\/figure>\n<\/div>\n\n\n\n<div class=\"is-layout-flow wp-block-column\" style=\"flex-basis:66.66%\">\n<h4>Lunch Sharing Platter<\/h4>\n\n\n\n<p class=\"has-extra-small-font-size\" style=\"line-height:1\">Salmon, avocado, and tuna for 3-4 diners. <br><em>Ingredients: Lorem, ipsum, dolor, sit, amet.<\/em><\/p>\n\n\n\n<p style=\"line-height:1\">$1<\/p>\n<\/div>\n<\/div>\n\n\n\n<hr class=\"wp-block-separator is-style-dots\"\/>\n\n\n\n<h2 class=\"has-text-align-center has-huge-font-size\" id=\"dinner\">Dinner<\/h2>\n\n\n\n<div class=\"is-layout-flex wp-container-22 wp-block-columns\">\n<div class=\"is-layout-flow wp-block-column\" style=\"flex-basis:33.33%\">\n<figure class=\"wp-block-image size-large is-style-default\"><img decoding=\"async\" width=\"1024\" height=\"769\" src=\"https:\/\/ocdi.com\/wp-content\/uploads\/2021\/03\/demo-salmon-edited-scaled-1-1024x769.jpg\" alt=\"\" class=\"wp-image-2421\" srcset=\"https:\/\/proyectojardin.es\/wp-content\/uploads\/2021\/03\/demo-salmon-edited-scaled-1-1024x769.jpg 1024w, https:\/\/proyectojardin.es\/wp-content\/uploads\/2021\/03\/demo-salmon-edited-scaled-1-300x225.jpg 300w, https:\/\/proyectojardin.es\/wp-content\/uploads\/2021\/03\/demo-salmon-edited-scaled-1-768x577.jpg 768w, https:\/\/proyectojardin.es\/wp-content\/uploads\/2021\/03\/demo-salmon-edited-scaled-1-1536x1153.jpg 1536w, https:\/\/proyectojardin.es\/wp-content\/uploads\/2021\/03\/demo-salmon-edited-scaled-1-2048x1538.jpg 2048w, https:\/\/proyectojardin.es\/wp-content\/uploads\/2021\/03\/demo-salmon-edited-scaled-1-600x450.jpg 600w\" sizes=\"(max-width: 1024px) 100vw, 1024px\" \/><\/figure>\n<\/div>\n\n\n\n<div class=\"is-layout-flow wp-block-column\" style=\"flex-basis:66.66%\">\n<h4>Salmon Maki Special<\/h4>\n\n\n\n<p class=\"has-extra-small-font-size\" style=\"line-height:1\">Salmon in toasted nori.<br><em>Ingredients: Lorem, ipsum, dolor, sit, amet.<\/em><\/p>\n\n\n\n<p style=\"line-height:1\">$1<\/p>\n<\/div>\n<\/div>\n\n\n\n<div class=\"is-layout-flex wp-container-25 wp-block-columns\">\n<div class=\"is-layout-flow wp-block-column\" style=\"flex-basis:33.33%\">\n<figure class=\"wp-block-image size-large is-style-default\"><img decoding=\"async\" width=\"1024\" height=\"766\" src=\"https:\/\/ocdi.com\/wp-content\/uploads\/2021\/03\/demo-tofu-katsu-edited-scaled-1-1024x766.jpg\" alt=\"\" class=\"wp-image-2423\" srcset=\"https:\/\/proyectojardin.es\/wp-content\/uploads\/2021\/03\/demo-tofu-katsu-edited-scaled-1-1024x766.jpg 1024w, https:\/\/proyectojardin.es\/wp-content\/uploads\/2021\/03\/demo-tofu-katsu-edited-scaled-1-300x224.jpg 300w, https:\/\/proyectojardin.es\/wp-content\/uploads\/2021\/03\/demo-tofu-katsu-edited-scaled-1-768x575.jpg 768w, https:\/\/proyectojardin.es\/wp-content\/uploads\/2021\/03\/demo-tofu-katsu-edited-scaled-1-1536x1149.jpg 1536w, https:\/\/proyectojardin.es\/wp-content\/uploads\/2021\/03\/demo-tofu-katsu-edited-scaled-1-2048x1532.jpg 2048w, https:\/\/proyectojardin.es\/wp-content\/uploads\/2021\/03\/demo-tofu-katsu-edited-scaled-1-600x449.jpg 600w\" sizes=\"(max-width: 1024px) 100vw, 1024px\" \/><\/figure>\n<\/div>\n\n\n\n<div class=\"is-layout-flow wp-block-column\" style=\"flex-basis:66.66%\">\n<h4>Tofu Katsu Curry<\/h4>\n\n\n\n<p class=\"has-extra-small-font-size\" style=\"line-height:1\">Served with steamed rice. Suitable for vegans.<br><em>Ingredients: Lorem, ipsum, dolor, sit, amet.<\/em><\/p>\n\n\n\n<p style=\"line-height:1\">$1<\/p>\n<\/div>\n<\/div>\n\n\n\n<div class=\"is-layout-flex wp-container-28 wp-block-columns\">\n<div class=\"is-layout-flow wp-block-column\" style=\"flex-basis:33.33%\">\n<figure class=\"wp-block-image size-large is-style-default\"><img decoding=\"async\" width=\"1024\" height=\"769\" src=\"https:\/\/ocdi.com\/wp-content\/uploads\/2021\/03\/demo-sashimi-deluxe-edited-scaled-1-1024x769.jpg\" alt=\"\" class=\"wp-image-2422\" srcset=\"https:\/\/proyectojardin.es\/wp-content\/uploads\/2021\/03\/demo-sashimi-deluxe-edited-scaled-1-1024x769.jpg 1024w, https:\/\/proyectojardin.es\/wp-content\/uploads\/2021\/03\/demo-sashimi-deluxe-edited-scaled-1-300x225.jpg 300w, https:\/\/proyectojardin.es\/wp-content\/uploads\/2021\/03\/demo-sashimi-deluxe-edited-scaled-1-768x577.jpg 768w, https:\/\/proyectojardin.es\/wp-content\/uploads\/2021\/03\/demo-sashimi-deluxe-edited-scaled-1-1536x1153.jpg 1536w, https:\/\/proyectojardin.es\/wp-content\/uploads\/2021\/03\/demo-sashimi-deluxe-edited-scaled-1-2048x1538.jpg 2048w, https:\/\/proyectojardin.es\/wp-content\/uploads\/2021\/03\/demo-sashimi-deluxe-edited-scaled-1-600x450.jpg 600w\" sizes=\"(max-width: 1024px) 100vw, 1024px\" \/><\/figure>\n<\/div>\n\n\n\n<div class=\"is-layout-flow wp-block-column\" style=\"flex-basis:66.66%\">\n<h4>Sashimi Special<\/h4>\n\n\n\n<p class=\"has-extra-small-font-size\" style=\"line-height:1\">Served with miso.<br><em>Ingredients: Lorem, ipsum, dolor, sit, amet.<\/em><\/p>\n\n\n\n<p>$1<\/p>\n<\/div>\n<\/div>\n\n\n\n<div class=\"is-layout-flex wp-container-31 wp-block-columns\">\n<div class=\"is-layout-flow wp-block-column\" style=\"flex-basis:33.33%\">\n<figure class=\"wp-block-image size-large is-style-default\"><img decoding=\"async\" width=\"1024\" height=\"769\" src=\"https:\/\/ocdi.com\/wp-content\/uploads\/2021\/03\/demo-eel-bento-edited-scaled-1-1024x769.jpg\" alt=\"\" class=\"wp-image-2424\" srcset=\"https:\/\/proyectojardin.es\/wp-content\/uploads\/2021\/03\/demo-eel-bento-edited-scaled-1-1024x769.jpg 1024w, https:\/\/proyectojardin.es\/wp-content\/uploads\/2021\/03\/demo-eel-bento-edited-scaled-1-300x225.jpg 300w, https:\/\/proyectojardin.es\/wp-content\/uploads\/2021\/03\/demo-eel-bento-edited-scaled-1-768x577.jpg 768w, https:\/\/proyectojardin.es\/wp-content\/uploads\/2021\/03\/demo-eel-bento-edited-scaled-1-1536x1154.jpg 1536w, https:\/\/proyectojardin.es\/wp-content\/uploads\/2021\/03\/demo-eel-bento-edited-scaled-1-2048x1538.jpg 2048w, https:\/\/proyectojardin.es\/wp-content\/uploads\/2021\/03\/demo-eel-bento-edited-scaled-1-600x451.jpg 600w\" sizes=\"(max-width: 1024px) 100vw, 1024px\" \/><\/figure>\n<\/div>\n\n\n\n<div class=\"is-layout-flow wp-block-column\" style=\"flex-basis:66.66%\">\n<h4>Eel Bento<\/h4>\n\n\n\n<p class=\"has-extra-small-font-size\" style=\"line-height:1\">Grilled unagi with sweet soy sauce.<br><em>Ingredients: Lorem, ipsum, dolor, sit, amet.<\/em><\/p>\n\n\n\n<p>$1<\/p>\n<\/div>\n<\/div>\n\n\n\n<hr class=\"wp-block-separator is-style-dots\"\/>\n\n\n\n<h2 class=\"has-text-align-center has-huge-font-size\" id=\"dessert\">Dessert<\/h2>\n\n\n\n<div class=\"is-layout-flex wp-container-34 wp-block-columns\">\n<div class=\"is-layout-flow wp-block-column\" style=\"flex-basis:33.33%\">\n<figure class=\"wp-block-image size-large is-style-default\"><img decoding=\"async\" width=\"1024\" height=\"768\" src=\"https:\/\/ocdi.com\/wp-content\/uploads\/2021\/03\/demo-chocolate-edited-scaled-1-1024x768.jpg\" alt=\"\" class=\"wp-image-2425\" srcset=\"https:\/\/proyectojardin.es\/wp-content\/uploads\/2021\/03\/demo-chocolate-edited-scaled-1-1024x768.jpg 1024w, https:\/\/proyectojardin.es\/wp-content\/uploads\/2021\/03\/demo-chocolate-edited-scaled-1-300x225.jpg 300w, https:\/\/proyectojardin.es\/wp-content\/uploads\/2021\/03\/demo-chocolate-edited-scaled-1-768x576.jpg 768w, https:\/\/proyectojardin.es\/wp-content\/uploads\/2021\/03\/demo-chocolate-edited-scaled-1-1536x1153.jpg 1536w, https:\/\/proyectojardin.es\/wp-content\/uploads\/2021\/03\/demo-chocolate-edited-scaled-1-2048x1537.jpg 2048w, https:\/\/proyectojardin.es\/wp-content\/uploads\/2021\/03\/demo-chocolate-edited-scaled-1-600x450.jpg 600w\" sizes=\"(max-width: 1024px) 100vw, 1024px\" \/><\/figure>\n<\/div>\n\n\n\n<div class=\"is-layout-flow wp-block-column\" style=\"flex-basis:66.66%\">\n<h4>Moist Chocolate Cake<\/h4>\n\n\n\n<p class=\"has-extra-small-font-size\">Served with fruit.<br><em>Ingredients: Lorem, ipsum, dolor, sit, amet.<\/em><\/p>\n\n\n\n<p>$1<\/p>\n<\/div>\n<\/div>\n\n\n\n<div class=\"is-layout-flex wp-container-37 wp-block-columns\">\n<div class=\"is-layout-flow wp-block-column\" style=\"flex-basis:33.33%\">\n<figure class=\"wp-block-image size-large is-style-default\"><img decoding=\"async\" width=\"1024\" height=\"766\" src=\"https:\/\/ocdi.com\/wp-content\/uploads\/2021\/03\/demo-cream-puff-edited-scaled-1-1024x766.jpg\" alt=\"\" class=\"wp-image-2426\" srcset=\"https:\/\/proyectojardin.es\/wp-content\/uploads\/2021\/03\/demo-cream-puff-edited-scaled-1-1024x766.jpg 1024w, https:\/\/proyectojardin.es\/wp-content\/uploads\/2021\/03\/demo-cream-puff-edited-scaled-1-300x224.jpg 300w, https:\/\/proyectojardin.es\/wp-content\/uploads\/2021\/03\/demo-cream-puff-edited-scaled-1-768x575.jpg 768w, https:\/\/proyectojardin.es\/wp-content\/uploads\/2021\/03\/demo-cream-puff-edited-scaled-1-1536x1149.jpg 1536w, https:\/\/proyectojardin.es\/wp-content\/uploads\/2021\/03\/demo-cream-puff-edited-scaled-1-2048x1532.jpg 2048w, https:\/\/proyectojardin.es\/wp-content\/uploads\/2021\/03\/demo-cream-puff-edited-scaled-1-600x449.jpg 600w\" sizes=\"(max-width: 1024px) 100vw, 1024px\" \/><\/figure>\n<\/div>\n\n\n\n<div class=\"is-layout-flow wp-block-column\" style=\"flex-basis:66.66%\">\n<h4>Japanese Cream Puff<\/h4>\n\n\n\n<p class=\"has-extra-small-font-size\">Served with green tea.<br><em>Ingredients: Lorem, ipsum, dolor, sit, amet.<\/em><\/p>\n\n\n\n<p>$1<\/p>\n<\/div>\n<\/div>\n\n\n\n<p><\/p>\n","protected":false},"excerpt":{"rendered":"<p>Lunch Chicken Gyoza Japanese dumplings served with soy sauce.Ingredients: Lorem, ipsum, dolor, sit, amet. $1 Maki Plate Carrot and avocado sushi plate. Suitable for vegans.Ingredients: Lorem, ipsum, dolor, sit, amet. $1 Salmon &amp; Avocado Lunch Platter Sushi plate. Available for take-out.Ingredients: Lorem, ipsum, dolor, sit, amet. $1 Lunch Sharing Platter Salmon, avocado, and tuna for&hellip;&nbsp;<a href=\"https:\/\/proyectojardin.es\/index.php\/menu\/\" class=\"\" rel=\"bookmark\">Leer m\u00e1s &raquo;<span class=\"screen-reader-text\">Menu<\/span><\/a><\/p>\n","protected":false},"author":1,"featured_media":0,"parent":0,"menu_order":0,"comment_status":"closed","ping_status":"closed","template":"","meta":{"_mi_skip_tracking":false,"neve_meta_sidebar":"","neve_meta_container":"","neve_meta_enable_content_width":"","neve_meta_content_width":0,"neve_meta_title_alignment":"","neve_meta_author_avatar":"","neve_post_elements_order":"","neve_meta_disable_header":"","neve_meta_disable_footer":"","neve_meta_disable_title":"","_joinchat":[]},"yoast_head":"<!-- This site is optimized with the Yoast SEO plugin v20.6 - https:\/\/yoast.com\/wordpress\/plugins\/seo\/ -->\n<title>Menu - Estudio de Paisajismo<\/title>\n<meta name=\"robots\" content=\"index, follow, max-snippet:-1, max-image-preview:large, max-video-preview:-1\" \/>\n<link rel=\"canonical\" href=\"https:\/\/proyectojardin.es\/index.php\/menu\/\" \/>\n<meta property=\"og:locale\" content=\"es_ES\" \/>\n<meta property=\"og:type\" content=\"article\" \/>\n<meta property=\"og:title\" content=\"Menu - Estudio de Paisajismo\" \/>\n<meta property=\"og:description\" content=\"Lunch Chicken Gyoza Japanese dumplings served with soy sauce.Ingredients: Lorem, ipsum, dolor, sit, amet. $1 Maki Plate Carrot and avocado sushi plate. Suitable for vegans.Ingredients: Lorem, ipsum, dolor, sit, amet. $1 Salmon &amp; Avocado Lunch Platter Sushi plate. Available for take-out.Ingredients: Lorem, ipsum, dolor, sit, amet. $1 Lunch Sharing Platter Salmon, avocado, and tuna for&hellip;&nbsp;Leer m\u00e1s &raquo;Menu\" \/>\n<meta property=\"og:url\" content=\"https:\/\/proyectojardin.es\/index.php\/menu\/\" \/>\n<meta property=\"og:site_name\" content=\"Estudio de Paisajismo\" \/>\n<meta property=\"og:image\" content=\"https:\/\/ocdi.com\/wp-content\/uploads\/2021\/03\/demo-menu-header-scaled-1-1024x683.jpg\" \/>\n<meta name=\"twitter:card\" content=\"summary_large_image\" \/>\n<meta name=\"twitter:label1\" content=\"Tiempo de lectura\" \/>\n\t<meta name=\"twitter:data1\" content=\"1 minuto\" \/>\n<script type=\"application\/ld+json\" class=\"yoast-schema-graph\">{\"@context\":\"https:\/\/schema.org\",\"@graph\":[{\"@type\":\"WebPage\",\"@id\":\"https:\/\/proyectojardin.es\/index.php\/menu\/\",\"url\":\"https:\/\/proyectojardin.es\/index.php\/menu\/\",\"name\":\"Menu - Estudio de Paisajismo\",\"isPartOf\":{\"@id\":\"https:\/\/proyectojardin.es\/#website\"},\"datePublished\":\"2021-03-09T14:34:09+00:00\",\"dateModified\":\"2021-03-09T14:34:09+00:00\",\"breadcrumb\":{\"@id\":\"https:\/\/proyectojardin.es\/index.php\/menu\/#breadcrumb\"},\"inLanguage\":\"es\",\"potentialAction\":[{\"@type\":\"ReadAction\",\"target\":[\"https:\/\/proyectojardin.es\/index.php\/menu\/\"]}]},{\"@type\":\"BreadcrumbList\",\"@id\":\"https:\/\/proyectojardin.es\/index.php\/menu\/#breadcrumb\",\"itemListElement\":[{\"@type\":\"ListItem\",\"position\":1,\"name\":\"Portada\",\"item\":\"https:\/\/proyectojardin.es\/\"},{\"@type\":\"ListItem\",\"position\":2,\"name\":\"Menu\"}]},{\"@type\":\"WebSite\",\"@id\":\"https:\/\/proyectojardin.es\/#website\",\"url\":\"https:\/\/proyectojardin.es\/\",\"name\":\"Proyecto Jard\u00edn\",\"description\":\"Dise\u00f1o y construcci\u00f3n de espacios verdes. Especialidad en jardines mediterr\u00e1neos de bajo consumo en agua y escaso mantenimiento.\",\"publisher\":{\"@id\":\"https:\/\/proyectojardin.es\/#\/schema\/person\/6c4a01b17e7cab0eb8d27bd45ca3dfc1\"},\"potentialAction\":[{\"@type\":\"SearchAction\",\"target\":{\"@type\":\"EntryPoint\",\"urlTemplate\":\"https:\/\/proyectojardin.es\/?s={search_term_string}\"},\"query-input\":\"required name=search_term_string\"}],\"inLanguage\":\"es\"},{\"@type\":[\"Person\",\"Organization\"],\"@id\":\"https:\/\/proyectojardin.es\/#\/schema\/person\/6c4a01b17e7cab0eb8d27bd45ca3dfc1\",\"name\":\"migueldiazmorant@gmail.com\",\"image\":{\"@type\":\"ImageObject\",\"inLanguage\":\"es\",\"@id\":\"https:\/\/proyectojardin.es\/#\/schema\/person\/image\/\",\"url\":\"http:\/\/proyectojardin.es\/wp-content\/uploads\/2023\/03\/cropped-logo.png\",\"contentUrl\":\"http:\/\/proyectojardin.es\/wp-content\/uploads\/2023\/03\/cropped-logo.png\",\"width\":500,\"height\":187,\"caption\":\"migueldiazmorant@gmail.com\"},\"logo\":{\"@id\":\"https:\/\/proyectojardin.es\/#\/schema\/person\/image\/\"},\"description\":\"Paisajista con larga experiencia en dise\u00f1o de jardines con localizaciones en distintos \u00e1mbitos climatol\u00f3gicos, con destacado conocimiento en plantas aut\u00f3ctonas mediterr\u00e1neas y bajo consumo en agua.\",\"sameAs\":[\"http:\/\/proyectojardin.es\"]}]}<\/script>\n<!-- \/ Yoast SEO plugin. -->","yoast_head_json":{"title":"Menu - Estudio de Paisajismo","robots":{"index":"index","follow":"follow","max-snippet":"max-snippet:-1","max-image-preview":"max-image-preview:large","max-video-preview":"max-video-preview:-1"},"canonical":"https:\/\/proyectojardin.es\/index.php\/menu\/","og_locale":"es_ES","og_type":"article","og_title":"Menu - Estudio de Paisajismo","og_description":"Lunch Chicken Gyoza Japanese dumplings served with soy sauce.Ingredients: Lorem, ipsum, dolor, sit, amet. $1 Maki Plate Carrot and avocado sushi plate. Suitable for vegans.Ingredients: Lorem, ipsum, dolor, sit, amet. $1 Salmon &amp; Avocado Lunch Platter Sushi plate. Available for take-out.Ingredients: Lorem, ipsum, dolor, sit, amet. $1 Lunch Sharing Platter Salmon, avocado, and tuna for&hellip;&nbsp;Leer m\u00e1s &raquo;Menu","og_url":"https:\/\/proyectojardin.es\/index.php\/menu\/","og_site_name":"Estudio de Paisajismo","og_image":[{"url":"https:\/\/ocdi.com\/wp-content\/uploads\/2021\/03\/demo-menu-header-scaled-1-1024x683.jpg"}],"twitter_card":"summary_large_image","twitter_misc":{"Tiempo de lectura":"1 minuto"},"schema":{"@context":"https:\/\/schema.org","@graph":[{"@type":"WebPage","@id":"https:\/\/proyectojardin.es\/index.php\/menu\/","url":"https:\/\/proyectojardin.es\/index.php\/menu\/","name":"Menu - Estudio de Paisajismo","isPartOf":{"@id":"https:\/\/proyectojardin.es\/#website"},"datePublished":"2021-03-09T14:34:09+00:00","dateModified":"2021-03-09T14:34:09+00:00","breadcrumb":{"@id":"https:\/\/proyectojardin.es\/index.php\/menu\/#breadcrumb"},"inLanguage":"es","potentialAction":[{"@type":"ReadAction","target":["https:\/\/proyectojardin.es\/index.php\/menu\/"]}]},{"@type":"BreadcrumbList","@id":"https:\/\/proyectojardin.es\/index.php\/menu\/#breadcrumb","itemListElement":[{"@type":"ListItem","position":1,"name":"Portada","item":"https:\/\/proyectojardin.es\/"},{"@type":"ListItem","position":2,"name":"Menu"}]},{"@type":"WebSite","@id":"https:\/\/proyectojardin.es\/#website","url":"https:\/\/proyectojardin.es\/","name":"Proyecto Jard\u00edn","description":"Dise\u00f1o y construcci\u00f3n de espacios verdes. Especialidad en jardines mediterr\u00e1neos de bajo consumo en agua y escaso mantenimiento.","publisher":{"@id":"https:\/\/proyectojardin.es\/#\/schema\/person\/6c4a01b17e7cab0eb8d27bd45ca3dfc1"},"potentialAction":[{"@type":"SearchAction","target":{"@type":"EntryPoint","urlTemplate":"https:\/\/proyectojardin.es\/?s={search_term_string}"},"query-input":"required name=search_term_string"}],"inLanguage":"es"},{"@type":["Person","Organization"],"@id":"https:\/\/proyectojardin.es\/#\/schema\/person\/6c4a01b17e7cab0eb8d27bd45ca3dfc1","name":"migueldiazmorant@gmail.com","image":{"@type":"ImageObject","inLanguage":"es","@id":"https:\/\/proyectojardin.es\/#\/schema\/person\/image\/","url":"http:\/\/proyectojardin.es\/wp-content\/uploads\/2023\/03\/cropped-logo.png","contentUrl":"http:\/\/proyectojardin.es\/wp-content\/uploads\/2023\/03\/cropped-logo.png","width":500,"height":187,"caption":"migueldiazmorant@gmail.com"},"logo":{"@id":"https:\/\/proyectojardin.es\/#\/schema\/person\/image\/"},"description":"Paisajista con larga experiencia en dise\u00f1o de jardines con localizaciones en distintos \u00e1mbitos climatol\u00f3gicos, con destacado conocimiento en plantas aut\u00f3ctonas mediterr\u00e1neas y bajo consumo en agua.","sameAs":["http:\/\/proyectojardin.es"]}]}},"featured_media_urls":[],"_links":{"self":[{"href":"https:\/\/proyectojardin.es\/index.php\/wp-json\/wp\/v2\/pages\/6670"}],"collection":[{"href":"https:\/\/proyectojardin.es\/index.php\/wp-json\/wp\/v2\/pages"}],"about":[{"href":"https:\/\/proyectojardin.es\/index.php\/wp-json\/wp\/v2\/types\/page"}],"author":[{"embeddable":true,"href":"https:\/\/proyectojardin.es\/index.php\/wp-json\/wp\/v2\/users\/1"}],"replies":[{"embeddable":true,"href":"https:\/\/proyectojardin.es\/index.php\/wp-json\/wp\/v2\/comments?post=6670"}],"version-history":[{"count":0,"href":"https:\/\/proyectojardin.es\/index.php\/wp-json\/wp\/v2\/pages\/6670\/revisions"}],"wp:attachment":[{"href":"https:\/\/proyectojardin.es\/index.php\/wp-json\/wp\/v2\/media?parent=6670"}],"curies":[{"name":"wp","href":"https:\/\/api.w.org\/{rel}","templated":true}]}}